{"id":522,"date":"2019-05-16T11:05:56","date_gmt":"2019-05-16T09:05:56","guid":{"rendered":"https:\/\/keyturion.com\/?page_id=522"},"modified":"2025-08-29T19:41:18","modified_gmt":"2025-08-29T17:41:18","slug":"purchase","status":"publish","type":"page","link":"https:\/\/www.keyturion.com\/fr\/achat\/","title":{"rendered":"Achat"},"content":{"rendered":"<h3 class=\"standard\" style=\"text-align: center;\">Informations de base<\/h3>\n<p>-\ufe0e <strong>Les prix indiqu\u00e9s correspondent \u00e0 des paiements uniques pour la p\u00e9riode s\u00e9lectionn\u00e9e (1, 3 ou 12 mois).<\/strong>. Nous ne vous facturons pas de frais mensuels et il n'y a pas de renouvellement automatique ni de paiements r\u00e9currents. C'est vous qui d\u00e9cidez quand et si vous voulez renouveler votre abonnement - tout est enti\u00e8rement sous votre contr\u00f4le !<\/p>\n<p>-\ufe0e <strong>Toutes les \u00e9ditions de nos produits Keyturion, y compris leurs variantes, conviennent aussi bien aux entreprises qu'aux particuliers.<\/strong>. Le nom \"Personnel\" fait r\u00e9f\u00e9rence au nombre de licences, et non \u00e0 des limitations d'utilisation.<\/p>\n<p>-\ufe0e Pour les achats de 20 appareils ou plus, une personnalisation compl\u00e8te est disponible. Par exemple, vous pouvez commander Keyturion PRO pour 30 appareils pendant un an, avec une p\u00e9riode de conservation des donn\u00e9es de six mois. Nous vous fournirons un devis personnalis\u00e9. Veuillez nous contacter en utilisant notre <a href=\"https:\/\/www.keyturion.com\/fr\/contact\/\" target=\"_blank\" rel=\"noopener\">Page de contact<\/a>.<\/p>\n<p>&nbsp;<\/p>\n<h3 style=\"text-align: center;\">FAQ sur les achats et les licences<\/h3>\n<h4 style=\"font-size: 18px; color: #005cc3;\">Puis-je utiliser ma licence existante apr\u00e8s avoir chang\u00e9 d'appareil ou de syst\u00e8me d'exploitation ?<\/h4>\n<p>Bonne nouvelle ! Dans ce cas, vous pouvez facilement transf\u00e9rer votre licence existante. Il n'est pas n\u00e9cessaire d'en acheter une nouvelle. Vous \u00eates libre de transf\u00e9rer votre licence autant de fois que n\u00e9cessaire pendant la p\u00e9riode de validit\u00e9 de la licence. Notre panneau d'administration vous permet de le faire vous-m\u00eame - il suffit de d\u00e9sinstaller l'agent de l'ancien ordinateur et de le supprimer de votre panneau Web (version PRO). C'est aussi simple que cela !<\/p>\n<h4 style=\"font-size: 18px; color: #005cc3;\">Puis-je surveiller plus d'un compte d'utilisateur sur un seul ordinateur Windows ?<\/h4>\n<p>Oui, vous pouvez surveiller plusieurs utilisateurs du syst\u00e8me Windows sur un seul ordinateur. Par exemple, si vous avez trois utilisateurs sur une seule machine physique, une licence pour un seul appareil les couvre tous.<\/p>\n<h4 style=\"font-size: 18px; color: #005cc3;\">Les articles du panier diff\u00e8rent-ils d'une mani\u00e8re ou d'une autre, outre le nombre maximum d'appareils sur lesquels vous pouvez installer le logiciel ?<\/h4>\n<p>Non. Toutes les versions pour 1, 5 et 10 appareils pour la version PRO (ou 1 et 3 pour la version normale) ont les m\u00eames capacit\u00e9s. Il y a une petite exception : la version PRO offre un param\u00e8tre suppl\u00e9mentaire de conservation des donn\u00e9es pour les versions d'un an, ce qui vous permet de s\u00e9lectionner une valeur sup\u00e9rieure \u00e0 l'option standard d'un mois sur la page d'achat.<\/p>\n<h4 style=\"font-size: 18px; color: #005cc3;\">Que signifie le param\u00e8tre \"P\u00e9riode de conservation des donn\u00e9es\" sur la page d'achat pour la version PRO 1 an ?<\/h4>\n<p>Le param\u00e8tre \"R\u00e9tention\" que vous voyez dans la boutique de Keyturion PRO d\u00e9termine la dur\u00e9e pendant laquelle vos donn\u00e9es de connexion sont conserv\u00e9es sur le serveur.<\/p>\n<p>Par exemple, si vous achetez une licence d'un an avec un d\u00e9lai de conservation de 3 mois, votre licence et votre compte sont valables pour toute l'ann\u00e9e, mais les donn\u00e9es sont conserv\u00e9es pendant 3 mois au maximum. Les donn\u00e9es ant\u00e9rieures \u00e0 la p\u00e9riode de conservation sont automatiquement supprim\u00e9es.<br \/>\nDans l'exemple ci-dessus, apr\u00e8s 4 mois d'utilisation, vous aurez acc\u00e8s aux donn\u00e9es des 90 derniers jours (le mois le plus ancien sera automatiquement supprim\u00e9).<\/p>","protected":false},"excerpt":{"rendered":"<p>Basic information \u2022\ufe0e The prices shown are one-time payments for the selected period (1, 3 or 12 months). We don\u2019t charge you monthly, and there are no auto-renewals or recurring payments. You decide when and if you want to renew\u2014everything is entirely in your control! \u2022\ufe0e All editions of our Keyturion products, including their variants, [&hellip;]<\/p>","protected":false},"author":2,"featured_media":0,"parent":0,"menu_order":0,"comment_status":"closed","ping_status":"closed","template":"page-koszyk-2024.php","meta":{"footnotes":""},"class_list":["post-522","page","type-page","status-publish","hentry"],"acf":[],"_links":{"self":[{"href":"https:\/\/www.keyturion.com\/fr\/wp-json\/wp\/v2\/pages\/522","targetHints":{"allow":["GET"]}}],"collection":[{"href":"https:\/\/www.keyturion.com\/fr\/wp-json\/wp\/v2\/pages"}],"about":[{"href":"https:\/\/www.keyturion.com\/fr\/wp-json\/wp\/v2\/types\/page"}],"author":[{"embeddable":true,"href":"https:\/\/www.keyturion.com\/fr\/wp-json\/wp\/v2\/users\/2"}],"replies":[{"embeddable":true,"href":"https:\/\/www.keyturion.com\/fr\/wp-json\/wp\/v2\/comments?post=522"}],"version-history":[{"count":82,"href":"https:\/\/www.keyturion.com\/fr\/wp-json\/wp\/v2\/pages\/522\/revisions"}],"predecessor-version":[{"id":1426,"href":"https:\/\/www.keyturion.com\/fr\/wp-json\/wp\/v2\/pages\/522\/revisions\/1426"}],"wp:attachment":[{"href":"https:\/\/www.keyturion.com\/fr\/wp-json\/wp\/v2\/media?parent=522"}],"curies":[{"name":"wp","href":"https:\/\/api.w.org\/{rel}","templated":true}]}}