{"id":370,"date":"2019-02-06T16:47:02","date_gmt":"2019-02-06T15:47:02","guid":{"rendered":"https:\/\/keyturion.com\/?page_id=370"},"modified":"2025-08-10T19:27:51","modified_gmt":"2025-08-10T17:27:51","slug":"about-us","status":"publish","type":"page","link":"https:\/\/www.keyturion.com\/fr\/a-propos-de-nous\/","title":{"rendered":"A propos de nous"},"content":{"rendered":"<h3>\u00c0 propos de l'entreprise<\/h3>\n<p>Nous d\u00e9veloppons des logiciels et des dispositifs de surveillance depuis 2007, cr\u00e9ant des outils utilis\u00e9s \u00e0 la fois par des utilisateurs individuels et des entreprises dans le monde entier.<br \/>\nKeyturion est le r\u00e9sultat de notre longue exp\u00e9rience et de notre r\u00e9ponse aux besoins de nos clients. Il s'agit d'un outil de surveillance innovant qui permet de suivre n'importe quelle activit\u00e9 sur un ordinateur.<\/p>\n<h3>Confiance et s\u00e9curit\u00e9<\/h3>\n<p>Nous garantissons le plus haut niveau de s\u00e9curit\u00e9 \u00e0 nos utilisateurs. Nous n'avons pas acc\u00e8s \u00e0 vos donn\u00e9es priv\u00e9es et l'application ne contient pas de fonctions cach\u00e9es. En installant notre logiciel, vous pouvez \u00eatre certain que vos donn\u00e9es sensibles ne sont g\u00e9r\u00e9es que par vous.<\/p>","protected":false},"excerpt":{"rendered":"<p>About the Company We have been developing software and monitoring devices since 2007, creating tools used by both individual users and companies worldwide. Keyturion is the result of our many years of experience and our response to the needs of our clients \u2014 an innovative monitoring tool that can track any activity on a computer. [&hellip;]<\/p>","protected":false},"author":2,"featured_media":0,"parent":0,"menu_order":0,"comment_status":"closed","ping_status":"closed","template":"","meta":{"footnotes":""},"class_list":["post-370","page","type-page","status-publish","hentry"],"acf":[],"_links":{"self":[{"href":"https:\/\/www.keyturion.com\/fr\/wp-json\/wp\/v2\/pages\/370","targetHints":{"allow":["GET"]}}],"collection":[{"href":"https:\/\/www.keyturion.com\/fr\/wp-json\/wp\/v2\/pages"}],"about":[{"href":"https:\/\/www.keyturion.com\/fr\/wp-json\/wp\/v2\/types\/page"}],"author":[{"embeddable":true,"href":"https:\/\/www.keyturion.com\/fr\/wp-json\/wp\/v2\/users\/2"}],"replies":[{"embeddable":true,"href":"https:\/\/www.keyturion.com\/fr\/wp-json\/wp\/v2\/comments?post=370"}],"version-history":[{"count":28,"href":"https:\/\/www.keyturion.com\/fr\/wp-json\/wp\/v2\/pages\/370\/revisions"}],"predecessor-version":[{"id":1390,"href":"https:\/\/www.keyturion.com\/fr\/wp-json\/wp\/v2\/pages\/370\/revisions\/1390"}],"wp:attachment":[{"href":"https:\/\/www.keyturion.com\/fr\/wp-json\/wp\/v2\/media?parent=370"}],"curies":[{"name":"wp","href":"https:\/\/api.w.org\/{rel}","templated":true}]}}