{"id":176,"date":"2018-11-06T12:19:39","date_gmt":"2018-11-06T11:19:39","guid":{"rendered":"https:\/\/keyturion.com\/?page_id=176"},"modified":"2024-04-20T21:37:40","modified_gmt":"2024-04-20T19:37:40","slug":"demo","status":"publish","type":"page","link":"https:\/\/www.keyturion.com\/fr\/demo\/","title":{"rendered":"Test Keyturion Pro"},"content":{"rendered":"<p><strong>Syst\u00e8mes d'exploitation pris en charge :<br \/>\n(les versions 32 et 64 bits sont prises en charge)<\/strong><\/p>\n<table id=\"tabdemo\" style=\"width: 74.413%;\">\n<tbody>\n<tr>\n<td style=\"width: 50%;\">\n<ul>\n<li><strong>Windows 11<\/strong><\/li>\n<li><strong>Windows 8.1\u00a0<\/strong><\/li>\n<li><strong>Windows 8 32<\/strong><\/li>\n<\/ul>\n<\/td>\n<td style=\"width: 50%;\">\n<ul>\n<li><strong>Windows 10\u00a0<\/strong><\/li>\n<li><strong>Windows 7\u00a0<\/strong><\/li>\n<li><strong>Windows Vista<\/strong><\/li>\n<\/ul>\n<\/td>\n<\/tr>\n<\/tbody>\n<\/table>\n<p><strong> Avertissement :<\/strong><br \/>\nIl peut \u00eatre t\u00e9l\u00e9charg\u00e9 \u00e0 partir de diff\u00e9rents endroits, mais il est recommand\u00e9 de t\u00e9l\u00e9charger Keyturion \u00e0 partir d'ici, notre site Web.<br \/>\nLe t\u00e9l\u00e9chargement de logiciels Keyturion \u00e0 partir de sites web tiers peut \u00eatre dangereux. Ceux qui offrent des logiciels gratuitement peuvent les emballer avec des logiciels malveillants ou des logiciels publicitaires.<\/p>","protected":false},"excerpt":{"rendered":"<p>Syst\u00e8mes d'exploitation pris en charge : (les versions 32 et 64 bits sont prises en charge) Windows 11 Windows 8.1 Windows 8 32 Windows 10 Windows 7 Windows Vista Avertissement : Keyturion peut \u00eatre t\u00e9l\u00e9charg\u00e9 \u00e0 partir de diff\u00e9rents sites, mais il est recommand\u00e9 de t\u00e9l\u00e9charger Keyturion \u00e0 partir de notre site web. T\u00e9l\u00e9charger le logiciel Keyturion depuis des sites tiers peut \u00eatre dangereux. Ces [...]<\/p>","protected":false},"author":2,"featured_media":0,"parent":0,"menu_order":0,"comment_status":"closed","ping_status":"closed","template":"page-produkty2.php","meta":{"footnotes":""},"class_list":["post-176","page","type-page","status-publish","hentry"],"acf":[],"_links":{"self":[{"href":"https:\/\/www.keyturion.com\/fr\/wp-json\/wp\/v2\/pages\/176","targetHints":{"allow":["GET"]}}],"collection":[{"href":"https:\/\/www.keyturion.com\/fr\/wp-json\/wp\/v2\/pages"}],"about":[{"href":"https:\/\/www.keyturion.com\/fr\/wp-json\/wp\/v2\/types\/page"}],"author":[{"embeddable":true,"href":"https:\/\/www.keyturion.com\/fr\/wp-json\/wp\/v2\/users\/2"}],"replies":[{"embeddable":true,"href":"https:\/\/www.keyturion.com\/fr\/wp-json\/wp\/v2\/comments?post=176"}],"version-history":[{"count":49,"href":"https:\/\/www.keyturion.com\/fr\/wp-json\/wp\/v2\/pages\/176\/revisions"}],"predecessor-version":[{"id":1204,"href":"https:\/\/www.keyturion.com\/fr\/wp-json\/wp\/v2\/pages\/176\/revisions\/1204"}],"wp:attachment":[{"href":"https:\/\/www.keyturion.com\/fr\/wp-json\/wp\/v2\/media?parent=176"}],"curies":[{"name":"wp","href":"https:\/\/api.w.org\/{rel}","templated":true}]}}