{"id":1172,"date":"2024-04-12T12:31:54","date_gmt":"2024-04-12T10:31:54","guid":{"rendered":"https:\/\/keyturion.com\/?page_id=1172"},"modified":"2025-09-29T14:51:40","modified_gmt":"2025-09-29T12:51:40","slug":"download-free-keylogger","status":"publish","type":"page","link":"https:\/\/www.keyturion.com\/fr\/telecharger-keylogger-gratuit\/","title":{"rendered":"T\u00e9l\u00e9charger un keylogger gratuit"},"content":{"rendered":"<p style=\"text-align: center;\"><strong>Keyturion Keylogger gratuit<\/strong> est une \u00e9dition gratuite de la version commerciale avec des limitations mineures :<br \/>\nPar rapport \u00e0 la version commerciale, il manque l'option de masquage complet et d'envoi par email, toutes les autres fonctionnalit\u00e9s sont identiques \u00e0 celles de la version payante !<br \/>\nLe logiciel est 100% s\u00e9curis\u00e9 et ne nous envoie aucune donn\u00e9e ! Pas de logiciels publicitaires ni de statistiques de suivi. 100% propre.<br \/>\n<s><strong>Veuillez saisir votre adresse \u00e9lectronique ci-dessous, \u00e0 laquelle vous recevrez votre licence gratuite et un lien pour t\u00e9l\u00e9charger le logiciel.<\/strong><\/s><\/p>\n<h3 style=\"text-align: center; background-color: #f0ffea;\">\u00c0 partir du 29 septembre 2025, nous ne proposerons plus de version gratuite. Nous voulons nous concentrer sur nos clients fid\u00e8les qui nous ont fait confiance. Notre priorit\u00e9 est d\u00e9sormais de nous concentrer sur les abonnements payants, qui n\u00e9cessitent un engagement plus important en mati\u00e8re de d\u00e9veloppement et d'assistance.<br \/>\nNous vous encourageons \u00e0 essayer la version d'essai gratuite de notre produit principal. <a href=\"https:\/\/www.keyturion.com\/fr\/demo\/\" target=\"_blank\" rel=\"noopener\">Keyturion PRO.<\/a><\/h3>\n<p>&nbsp;<\/p>\n<p style=\"text-align: center;\">Votre adresse \u00e9lectronique ne sera utilis\u00e9e qu'une seule fois pour g\u00e9n\u00e9rer votre licence individuelle. Nous n'utiliserons pas votre adresse \u00e0 d'autres fins, nous ne vous enverrons m\u00eame pas d'offres, nous n'aimons pas les spams comme vous.<\/p>\n<p style=\"text-align: center;\">\n<style>\n    .faq-section h2 {<br \/>        color: #333;<br \/>        font-size: 24px;<br \/>        margin-bottom: 20px;<br \/>    }<\/p>\n<p>    .faq-section h3 {<br \/>        color: #0073aa;<br \/>        font-size: 18px;<br \/>        cursor: pointer;<br \/>        margin-top: 10px;<br \/>    }<\/p>\n<p>    .faq-section p {<br \/>        font-size: 14px;<br \/>        color: #666;<br \/>        margin-top: 5px;<br \/>    }<br \/><\/style>\n<\/p>\n<div class=\"faq-section\">\n<h2 style=\"text-align: center;\">Free Keylogger FAQ - Foire aux questions<\/h2>\n<h3 style=\"text-align: center;\">1. Le programme est-il vraiment gratuit ?<\/h3>\n<p style=\"text-align: center;\">Oui, il s'agit d'un logiciel enti\u00e8rement gratuit. Nous vous enverrons gratuitement une licence d'un an \u00e0 l'adresse \u00e9lectronique fournie. Apr\u00e8s cette p\u00e9riode, il vous suffit de redemander la licence (sur cette page) pour la recevoir \u00e0 la m\u00eame adresse \u00e9lectronique ou \u00e0 une autre.<\/p>\n<h3 style=\"text-align: center;\">2. Puis-je l'installer dans mon entreprise ?<\/h3>\n<p style=\"text-align: center;\">Oui, la version gratuite n'a pas de limites. Elle peut \u00eatre utilis\u00e9e gratuitement par les particuliers et les entreprises, sur un nombre illimit\u00e9 d'ordinateurs.<\/p>\n<h3 style=\"text-align: center;\">3. Le programme contient-il des fonctions cach\u00e9es ?<\/h3>\n<p style=\"text-align: center;\">Non, notre mod\u00e8le Freemium est totalement transparent et s\u00fbr. Le programme ne nous envoie aucune donn\u00e9e statistique ou autre, tout ce qu'il enregistre reste sur votre ordinateur. Cependant, il est important de se rappeler que les programmes de surveillance tels que les enregistreurs de frappe sont souvent cibl\u00e9s par les programmes antivirus, de sorte qu'une fausse d\u00e9tection du programme en tant que menace est malheureusement possible. Si vous rencontrez un tel probl\u00e8me, veuillez utiliser la fonction d'exceptions\/exclusions de votre programme AV.<\/p>\n<\/div>\n<h3><\/h3>\n<h2 style=\"text-align: center;\">Syst\u00e8mes d'exploitation pris en charge :<\/h2>\n<p style=\"text-align: center;\">Windows 11, Windows 10,<br \/>\nWindows 8.1, Windows 7, Windows Vista<\/p>","protected":false},"excerpt":{"rendered":"<p>Keyturion Free Keylogger est une \u00e9dition gratuite de la version commerciale avec des limitations mineures : Par rapport \u00e0 la version commerciale, il manque l'option de masquage complet et d'envoi par email, toutes les autres fonctionnalit\u00e9s sont identiques \u00e0 celles de la version payante ! Le logiciel est 100% s\u00e9curis\u00e9 et ne nous envoie aucune donn\u00e9e ! Aucun adware [...]<\/p>","protected":false},"author":2,"featured_media":0,"parent":0,"menu_order":0,"comment_status":"closed","ping_status":"closed","template":"","meta":{"footnotes":""},"class_list":["post-1172","page","type-page","status-publish","hentry"],"acf":[],"_links":{"self":[{"href":"https:\/\/www.keyturion.com\/fr\/wp-json\/wp\/v2\/pages\/1172","targetHints":{"allow":["GET"]}}],"collection":[{"href":"https:\/\/www.keyturion.com\/fr\/wp-json\/wp\/v2\/pages"}],"about":[{"href":"https:\/\/www.keyturion.com\/fr\/wp-json\/wp\/v2\/types\/page"}],"author":[{"embeddable":true,"href":"https:\/\/www.keyturion.com\/fr\/wp-json\/wp\/v2\/users\/2"}],"replies":[{"embeddable":true,"href":"https:\/\/www.keyturion.com\/fr\/wp-json\/wp\/v2\/comments?post=1172"}],"version-history":[{"count":33,"href":"https:\/\/www.keyturion.com\/fr\/wp-json\/wp\/v2\/pages\/1172\/revisions"}],"predecessor-version":[{"id":1438,"href":"https:\/\/www.keyturion.com\/fr\/wp-json\/wp\/v2\/pages\/1172\/revisions\/1438"}],"wp:attachment":[{"href":"https:\/\/www.keyturion.com\/fr\/wp-json\/wp\/v2\/media?parent=1172"}],"curies":[{"name":"wp","href":"https:\/\/api.w.org\/{rel}","templated":true}]}}