{"id":767,"date":"2021-03-09T18:22:04","date_gmt":"2021-03-09T17:22:04","guid":{"rendered":"https:\/\/keyturion.com\/?page_id=767"},"modified":"2025-12-08T10:21:14","modified_gmt":"2025-12-08T09:21:14","slug":"printed-document-tracking","status":"publish","type":"page","link":"https:\/\/www.keyturion.com\/es\/caracteristicas\/seguimiento-de-documentos-impresos\/","title":{"rendered":"Seguimiento de documentos impresos"},"content":{"rendered":"<h2>Control de la actividad de la impresora | Seguimiento y registro de todos los documentos impresos<\/h2>\n<p>Una caracter\u00edstica importante que falta en muchos <a href=\"https:\/\/www.keyturion.com\/es\/supervision-informatica\/\" target=\"_blank\" rel=\"noopener\">herramientas de supervisi\u00f3n inform\u00e1tica<\/a> es la capacidad de realizar un seguimiento exhaustivo y registrar todos los materiales impresos.<br \/>\nEl rastreo USB por s\u00ed solo no es suficiente: los datos confidenciales pueden salir con la misma facilidad de un sistema seguro a trav\u00e9s de una impresora.<br \/>\nKeyturion cierra esta brecha de seguridad creando un registro completo y con fecha y hora cada vez que un usuario intenta imprimir desde un ordenador Windows supervisado.<\/p>\n<p>Cada solicitud de impresi\u00f3n se registra meticulosamente en una base de datos segura, lo que le permite revisar, filtrar y analizar la actividad de impresi\u00f3n siempre que sea necesario.<br \/>\nEsto convierte a Keyturion en un <a href=\"https:\/\/www.keyturion.com\/es\/\" target=\"_blank\" rel=\"noopener\">soluci\u00f3n de software de supervisi\u00f3n<\/a> para mantener el cumplimiento de la normativa sobre privacidad, superar auditor\u00edas de seguridad y proteger la informaci\u00f3n confidencial en sectores en los que la seguridad de los datos es fundamental.<\/p>\n<h2><strong>Todas las solicitudes de impresi\u00f3n capturadas<\/strong><\/h2>\n<p>Cada vez que un ordenador supervisado env\u00eda una orden de impresi\u00f3n, Keyturion registra exactamente qu\u00e9 se imprimi\u00f3 y cu\u00e1ndo se imprimi\u00f3.<br \/>\nEsto proporciona dos datos cruciales que le ayudar\u00e1n a rastrear y controlar las fugas f\u00edsicas de datos.<br \/>\nCon el tiempo, dispondr\u00e1 de un registro completo y con capacidad de b\u00fasqueda de todas las solicitudes de impresi\u00f3n realizadas por cualquier usuario, lo que le permitir\u00e1 supervisar totalmente el material potencialmente confidencial que sale de su organizaci\u00f3n en papel.<\/p>\n<h2><strong>Registro de impresi\u00f3n detallado para m\u00e1xima seguridad<\/strong><\/h2>\n<p>El seguimiento de la impresi\u00f3n de Keyturion va mucho m\u00e1s all\u00e1 del simple registro del nombre del archivo y la marca de tiempo.<br \/>\nCada trabajo de impresi\u00f3n se registra con detalles exhaustivos, incluidos:<\/p>\n<ul>\n<li>Fecha y hora de impresi\u00f3n<\/li>\n<li>Impresora utilizada<\/li>\n<li>Nombre del documento\/archivo<\/li>\n<li>Nombre de usuario de la persona que imprimi\u00f3<\/li>\n<li>N\u00famero de ejemplares impresos<\/li>\n<li>P\u00e1ginas espec\u00edficas impresas<\/li>\n<\/ul>\n<p>Este nivel de detalle le proporciona un control total sobre la actividad de impresi\u00f3n.<br \/>\nPor ejemplo, si la informaci\u00f3n confidencial de un cliente sale a la luz fuera de su organizaci\u00f3n, puede localizar al usuario exacto que la imprimi\u00f3, cu\u00e1ndo ocurri\u00f3, cu\u00e1ntas copias hizo y de qu\u00e9 p\u00e1ginas se trataba.<br \/>\nArmado con estos datos, puede actuar r\u00e1pidamente para contener la brecha, proteger a sus clientes y salvaguardar la reputaci\u00f3n de su empresa.<\/p>\n<p>&nbsp;<\/p>","protected":false},"excerpt":{"rendered":"<p>Monitorizaci\u00f3n de la actividad de la impresora | Seguimiento y registro de todos los documentos impresos Una de las principales carencias de muchas herramientas de monitorizaci\u00f3n inform\u00e1tica es la capacidad de realizar un seguimiento exhaustivo y registrar todos los materiales impresos. El rastreo de USB por s\u00ed solo no es suficiente - los datos sensibles pueden salir f\u00e1cilmente de un sistema seguro a trav\u00e9s de una impresora. Keyturion cierra esta brecha de seguridad [...]<\/p>","protected":false},"author":2,"featured_media":570,"parent":751,"menu_order":0,"comment_status":"closed","ping_status":"closed","template":"page-feature.php","meta":{"footnotes":""},"class_list":["post-767","page","type-page","status-publish","has-post-thumbnail","hentry"],"acf":[],"_links":{"self":[{"href":"https:\/\/www.keyturion.com\/es\/wp-json\/wp\/v2\/pages\/767","targetHints":{"allow":["GET"]}}],"collection":[{"href":"https:\/\/www.keyturion.com\/es\/wp-json\/wp\/v2\/pages"}],"about":[{"href":"https:\/\/www.keyturion.com\/es\/wp-json\/wp\/v2\/types\/page"}],"author":[{"embeddable":true,"href":"https:\/\/www.keyturion.com\/es\/wp-json\/wp\/v2\/users\/2"}],"replies":[{"embeddable":true,"href":"https:\/\/www.keyturion.com\/es\/wp-json\/wp\/v2\/comments?post=767"}],"version-history":[{"count":11,"href":"https:\/\/www.keyturion.com\/es\/wp-json\/wp\/v2\/pages\/767\/revisions"}],"predecessor-version":[{"id":1476,"href":"https:\/\/www.keyturion.com\/es\/wp-json\/wp\/v2\/pages\/767\/revisions\/1476"}],"up":[{"embeddable":true,"href":"https:\/\/www.keyturion.com\/es\/wp-json\/wp\/v2\/pages\/751"}],"wp:featuredmedia":[{"embeddable":true,"href":"https:\/\/www.keyturion.com\/es\/wp-json\/wp\/v2\/media\/570"}],"wp:attachment":[{"href":"https:\/\/www.keyturion.com\/es\/wp-json\/wp\/v2\/media?parent=767"}],"curies":[{"name":"wp","href":"https:\/\/api.w.org\/{rel}","templated":true}]}}