{"id":763,"date":"2021-03-09T18:20:13","date_gmt":"2021-03-09T17:20:13","guid":{"rendered":"https:\/\/keyturion.com\/?page_id=763"},"modified":"2025-12-08T10:14:04","modified_gmt":"2025-12-08T09:14:04","slug":"applications-time-tracking","status":"publish","type":"page","link":"https:\/\/www.keyturion.com\/es\/caracteristicas\/aplicaciones-seguimiento-tiempo\/","title":{"rendered":"Aplicaciones Seguimiento del tiempo"},"content":{"rendered":"<p>Keyturion <a href=\"https:\/\/www.keyturion.com\/es\/pro\/\" target=\"_blank\" rel=\"noopener\">software de supervisi\u00f3n para Windows<\/a> es una soluci\u00f3n avanzada que le permite <strong>seguimiento detallado del uso de las aplicaciones<\/strong>. Muestra exactamente cu\u00e1ndo un usuario inicia un programa y cu\u00e1nto tiempo lo utiliza activamente.<br \/>\nEsto es fundamental para comprender los patrones de productividad, especialmente en entornos empresariales en los que el tiempo repercute directamente en los resultados. Si un empleado pasa una cantidad de tiempo inusual en una aplicaci\u00f3n espec\u00edfica sin obtener los resultados esperados, Keyturion le ofrece la informaci\u00f3n necesaria para averiguar por qu\u00e9.<\/p>\n<h2><strong>Seguimiento y clasificaci\u00f3n precisos de la duraci\u00f3n<\/strong><\/h2>\n<p>Una de las funciones m\u00e1s potentes de Keyturion es la capacidad de <strong>controlar el tiempo de uso de cada aplicaci\u00f3n<\/strong> en el sistema operativo Windows.<br \/>\nComo <a href=\"https:\/\/www.keyturion.com\/es\/software-de-control-de-empleados\/\" target=\"_blank\" rel=\"noopener\">software de control de empleados<\/a>Como herramienta de control parental y discreto sistema de vigilancia del PC, registra todos los programas iniciados junto con su tiempo exacto de uso.<\/p>\n<p>Puede comparar la asignaci\u00f3n diaria de tiempo entre varias aplicaciones, detectar comportamientos inusuales y detectar si determinado software se convierte en un \"sumidero de tiempo\".<br \/>\nDesde el punto de vista de la productividad, esta informaci\u00f3n ayuda a los directivos a identificar ineficiencias, optimizar los flujos de trabajo y mejorar el rendimiento de los equipos.<\/p>\n<p>La funci\u00f3n de estad\u00edsticas avanzadas permite una inmersi\u00f3n m\u00e1s profunda, mostrando no s\u00f3lo el tiempo total dedicado a un programa, sino tambi\u00e9n el <strong>relaci\u00f3n entre tiempo activo y tiempo inactivo<\/strong>. En Keyturion Pro, puede comparar estas m\u00e9tricas entre diferentes usuarios, lo que le ofrece una visi\u00f3n completa del rendimiento en toda su organizaci\u00f3n.<\/p>\n<h2><strong>Alertas personalizadas y supervisi\u00f3n de aplicaciones<\/strong><\/h2>\n<p>Con Keyturion, puede configurar <strong>alertas en tiempo real<\/strong> para el uso de aplicaciones espec\u00edficas. Cada vez que se inicia un programa supervisado, el software puede enviarle una notificaci\u00f3n instant\u00e1nea por correo electr\u00f3nico y comenzar autom\u00e1ticamente a capturar pantallas de la actividad del usuario.<\/p>\n<p>Esto es ideal para supervisar software sensible o potencialmente mal utilizado. En el momento en que se abre una aplicaci\u00f3n marcada, Keyturion empieza a documentar exactamente lo que est\u00e1 haciendo el usuario, proporcion\u00e1ndole informaci\u00f3n inmediata y procesable.<br \/>\nYa sea para la seguridad de la empresa, el cumplimiento de normativas o el control de la productividad, este sistema de alerta le garantiza que siempre ir\u00e1 un paso por delante.<\/p>","protected":false},"excerpt":{"rendered":"<p>El software de monitorizaci\u00f3n Keyturion para Windows es una soluci\u00f3n avanzada que permite realizar un seguimiento detallado del uso de las aplicaciones. Muestra exactamente cu\u00e1ndo un usuario inicia un programa y cu\u00e1nto tiempo lo utiliza activamente. Esto es fundamental para comprender los patrones de productividad, especialmente en entornos empresariales en los que el tiempo repercute directamente en los resultados. Si un empleado pasa un [...]<\/p>","protected":false},"author":2,"featured_media":128,"parent":751,"menu_order":0,"comment_status":"closed","ping_status":"closed","template":"page-feature.php","meta":{"footnotes":""},"class_list":["post-763","page","type-page","status-publish","has-post-thumbnail","hentry"],"acf":[],"_links":{"self":[{"href":"https:\/\/www.keyturion.com\/es\/wp-json\/wp\/v2\/pages\/763","targetHints":{"allow":["GET"]}}],"collection":[{"href":"https:\/\/www.keyturion.com\/es\/wp-json\/wp\/v2\/pages"}],"about":[{"href":"https:\/\/www.keyturion.com\/es\/wp-json\/wp\/v2\/types\/page"}],"author":[{"embeddable":true,"href":"https:\/\/www.keyturion.com\/es\/wp-json\/wp\/v2\/users\/2"}],"replies":[{"embeddable":true,"href":"https:\/\/www.keyturion.com\/es\/wp-json\/wp\/v2\/comments?post=763"}],"version-history":[{"count":15,"href":"https:\/\/www.keyturion.com\/es\/wp-json\/wp\/v2\/pages\/763\/revisions"}],"predecessor-version":[{"id":1472,"href":"https:\/\/www.keyturion.com\/es\/wp-json\/wp\/v2\/pages\/763\/revisions\/1472"}],"up":[{"embeddable":true,"href":"https:\/\/www.keyturion.com\/es\/wp-json\/wp\/v2\/pages\/751"}],"wp:featuredmedia":[{"embeddable":true,"href":"https:\/\/www.keyturion.com\/es\/wp-json\/wp\/v2\/media\/128"}],"wp:attachment":[{"href":"https:\/\/www.keyturion.com\/es\/wp-json\/wp\/v2\/media?parent=763"}],"curies":[{"name":"wp","href":"https:\/\/api.w.org\/{rel}","templated":true}]}}