{"id":759,"date":"2021-03-09T18:18:36","date_gmt":"2021-03-09T17:18:36","guid":{"rendered":"https:\/\/keyturion.com\/?page_id=759"},"modified":"2025-12-08T10:15:08","modified_gmt":"2025-12-08T09:15:08","slug":"clipboard-monitoring","status":"publish","type":"page","link":"https:\/\/www.keyturion.com\/es\/caracteristicas\/control-del-portapapeles\/","title":{"rendered":"Supervisi\u00f3n del portapapeles"},"content":{"rendered":"<h2>Seguimiento de contenidos copiados y pegados<\/h2>\n<p>Un esencial <a href=\"https:\/\/www.keyturion.com\/es\/pro\/\" target=\"_blank\" rel=\"noopener\">funci\u00f3n de supervisi\u00f3n del ordenador para Windows<\/a> es la capacidad de ver lo que el usuario ha copiado, pegado o cortado. Keyturion rastrea todas las operaciones realizadas en el portapapeles, lo que le confiere un valor incalculable en entornos en los que est\u00e1 prohibido copiar datos confidenciales.<br \/>\nTambi\u00e9n es una potente herramienta de productividad: puedes consultar el historial del portapapeles de d\u00edas anteriores para recuperar texto importante, fragmentos de c\u00f3digo u otra informaci\u00f3n que hayas copiado antes.<\/p>\n<h2>Software de supervisi\u00f3n del portapapeles para Windows<\/h2>\n<p>Keyturion conserva el formato original de los elementos del portapapeles, ofreci\u00e9ndole una visi\u00f3n clara y precisa de lo que se ha copiado. El formato puede revelar la intenci\u00f3n de un usuario y proporcionar un contexto m\u00e1s profundo para sus acciones.<\/p>\n<h2>Alertas del portapapeles<\/h2>\n<p>Configure las alertas para que se activen cuando se produzca una actividad espec\u00edfica en el portapapeles. Por ejemplo, si los empleados copian claves privadas o informaci\u00f3n restringida, se le notificar\u00e1 al instante. Las alertas pueden personalizarse para que solo determinados contenidos del portapapeles activen un evento, lo que te ayudar\u00e1 a detener las acciones no autorizadas en el momento en que se produzcan.<\/p>\n<h2>Ordenar los datos del portapapeles<\/h2>\n<p>Si el uso del portapapeles es frecuente, Keyturion le ayuda a gestionarlo eficazmente. Todos los datos capturados pueden revisarse posteriormente en un informe detallado, que muestra la fecha, la hora, el activador y el contenido copiado. Esto facilita la supervisi\u00f3n de varios usuarios sin verse abrumado por las constantes notificaciones.<\/p>","protected":false},"excerpt":{"rendered":"<p>Seguimiento del contenido de copiar y pegar Una funci\u00f3n esencial de supervisi\u00f3n de ordenadores para Windows es la posibilidad de ver lo que el usuario ha copiado, pegado o cortado. Keyturion rastrea todas las operaciones realizadas en el portapapeles, lo que le confiere un valor incalculable en entornos en los que est\u00e1 prohibido copiar datos confidenciales. Tambi\u00e9n es una potente herramienta de productividad: puede consultar el historial del portapapeles [...]<\/p>","protected":false},"author":2,"featured_media":124,"parent":751,"menu_order":0,"comment_status":"closed","ping_status":"closed","template":"page-feature.php","meta":{"footnotes":""},"class_list":["post-759","page","type-page","status-publish","has-post-thumbnail","hentry"],"acf":[],"_links":{"self":[{"href":"https:\/\/www.keyturion.com\/es\/wp-json\/wp\/v2\/pages\/759","targetHints":{"allow":["GET"]}}],"collection":[{"href":"https:\/\/www.keyturion.com\/es\/wp-json\/wp\/v2\/pages"}],"about":[{"href":"https:\/\/www.keyturion.com\/es\/wp-json\/wp\/v2\/types\/page"}],"author":[{"embeddable":true,"href":"https:\/\/www.keyturion.com\/es\/wp-json\/wp\/v2\/users\/2"}],"replies":[{"embeddable":true,"href":"https:\/\/www.keyturion.com\/es\/wp-json\/wp\/v2\/comments?post=759"}],"version-history":[{"count":15,"href":"https:\/\/www.keyturion.com\/es\/wp-json\/wp\/v2\/pages\/759\/revisions"}],"predecessor-version":[{"id":1473,"href":"https:\/\/www.keyturion.com\/es\/wp-json\/wp\/v2\/pages\/759\/revisions\/1473"}],"up":[{"embeddable":true,"href":"https:\/\/www.keyturion.com\/es\/wp-json\/wp\/v2\/pages\/751"}],"wp:featuredmedia":[{"embeddable":true,"href":"https:\/\/www.keyturion.com\/es\/wp-json\/wp\/v2\/media\/124"}],"wp:attachment":[{"href":"https:\/\/www.keyturion.com\/es\/wp-json\/wp\/v2\/media?parent=759"}],"curies":[{"name":"wp","href":"https:\/\/api.w.org\/{rel}","templated":true}]}}