{"id":757,"date":"2021-03-09T18:17:14","date_gmt":"2021-03-09T17:17:14","guid":{"rendered":"https:\/\/keyturion.com\/?page_id=757"},"modified":"2025-12-08T10:22:24","modified_gmt":"2025-12-08T09:22:24","slug":"screenshots-monitoring","status":"publish","type":"page","link":"https:\/\/www.keyturion.com\/es\/caracteristicas\/capturas-de-pantalla-monitorizacion\/","title":{"rendered":"Captura de pantalla-Capturas de pantalla"},"content":{"rendered":"<p>Poder ver exactamente lo que hace un usuario es clave para cualquier <a href=\"https:\/\/www.keyturion.com\/es\/\" target=\"_blank\" rel=\"noopener\">software de supervisi\u00f3n eficaz de ordenadores<\/a>. El Sistema Inteligente de Captura de Pantalla de Keyturion ofrece una captura de pantalla precisa, con recursos limitados y encubierta, independientemente de la aplicaci\u00f3n que se est\u00e9 utilizando.<\/p>\n<h3>Ajustar la frecuencia de captura de pantalla<\/h3>\n<p>Establece la frecuencia con la que se realizan las capturas de pantalla: cada minuto, cada hora o cualquier intervalo que elijas. Aumente la frecuencia si sospecha de una actividad breve y no autorizada. Las capturas de pantalla se pueden enviar directamente a usted para su confirmaci\u00f3n inmediata.<\/p>\n<h3>Alertas personalizadas<\/h3>\n<p>Defina los eventos que activan una captura de pantalla y una alerta, como palabras espec\u00edficas tecleadas, programas iniciados, sitios web visitados o datos del portapapeles copiados. De este modo, solo se le notifica cuando se infringen las normas, lo que reduce la necesidad de supervisi\u00f3n constante y mantiene la privacidad del usuario.<\/p>\n<h3>Sistema inteligente de capturas de pantalla<\/h3>\n<p>Gestiona f\u00e1cilmente un gran n\u00famero de capturas de pantalla clasific\u00e1ndolas y filtr\u00e1ndolas para encontrar r\u00e1pidamente la informaci\u00f3n m\u00e1s relevante.<\/p>\n<p>&nbsp;<\/p>","protected":false},"excerpt":{"rendered":"<p>Ser capaz de ver exactamente lo que un usuario est\u00e1 haciendo es clave para cualquier software de monitorizaci\u00f3n de ordenadores eficaz. El Sistema Inteligente de Captura de Pantalla de Keyturion ofrece una captura de pantalla precisa, de f\u00e1cil uso y encubierta, independientemente de la aplicaci\u00f3n en uso. Ajuste la frecuencia de las capturas de pantalla Establezca la frecuencia con la que se realizan las capturas de pantalla: cada minuto, cada hora o cualquier intervalo que elija. [...]<\/p>","protected":false},"author":2,"featured_media":126,"parent":751,"menu_order":0,"comment_status":"closed","ping_status":"closed","template":"page-feature.php","meta":{"footnotes":""},"class_list":["post-757","page","type-page","status-publish","has-post-thumbnail","hentry"],"acf":[],"_links":{"self":[{"href":"https:\/\/www.keyturion.com\/es\/wp-json\/wp\/v2\/pages\/757","targetHints":{"allow":["GET"]}}],"collection":[{"href":"https:\/\/www.keyturion.com\/es\/wp-json\/wp\/v2\/pages"}],"about":[{"href":"https:\/\/www.keyturion.com\/es\/wp-json\/wp\/v2\/types\/page"}],"author":[{"embeddable":true,"href":"https:\/\/www.keyturion.com\/es\/wp-json\/wp\/v2\/users\/2"}],"replies":[{"embeddable":true,"href":"https:\/\/www.keyturion.com\/es\/wp-json\/wp\/v2\/comments?post=757"}],"version-history":[{"count":14,"href":"https:\/\/www.keyturion.com\/es\/wp-json\/wp\/v2\/pages\/757\/revisions"}],"predecessor-version":[{"id":1477,"href":"https:\/\/www.keyturion.com\/es\/wp-json\/wp\/v2\/pages\/757\/revisions\/1477"}],"up":[{"embeddable":true,"href":"https:\/\/www.keyturion.com\/es\/wp-json\/wp\/v2\/pages\/751"}],"wp:featuredmedia":[{"embeddable":true,"href":"https:\/\/www.keyturion.com\/es\/wp-json\/wp\/v2\/media\/126"}],"wp:attachment":[{"href":"https:\/\/www.keyturion.com\/es\/wp-json\/wp\/v2\/media?parent=757"}],"curies":[{"name":"wp","href":"https:\/\/api.w.org\/{rel}","templated":true}]}}