{"id":753,"date":"2021-03-09T17:30:18","date_gmt":"2021-03-09T16:30:18","guid":{"rendered":"https:\/\/keyturion.com\/?page_id=753"},"modified":"2025-12-08T10:19:17","modified_gmt":"2025-12-08T09:19:17","slug":"keylogger","status":"publish","type":"page","link":"https:\/\/www.keyturion.com\/es\/caracteristicas\/registrador-de-teclas\/","title":{"rendered":"Registrador de teclas"},"content":{"rendered":"<h2>\u00bfQu\u00e9 diferencia a Keyturion Keylogger?<\/h2>\n<p><a href=\"https:\/\/www.keyturion.com\/es\/\" target=\"_blank\" rel=\"noopener\">Keyturion<\/a> va m\u00e1s all\u00e1 de las expectativas de un software robusto de keylogging para Windows. Utilizando nuestra tecnolog\u00eda patentada de monitorizaci\u00f3n inteligente de teclas, obtendr\u00e1 una comprensi\u00f3n completa de cada pulsaci\u00f3n de tecla introducida en su ordenador.<\/p>\n<h3>Registrador de pulsaciones de teclas que mantiene el formato original<\/h3>\n<p>Nuestra <strong>software de registro de pulsaciones de teclas<\/strong> para Windows garantiza que el formato original del texto escrito se conserva exactamente como lo introdujo el usuario. Esto significa que puede ver todas las teclas que escribi\u00f3 un usuario, en el formato exacto en que aparecieron en el ordenador, sin reformatearlas ni alterarlas. Sabr\u00e1s exactamente qu\u00e9 se escribi\u00f3 y c\u00f3mo apareci\u00f3.<\/p>\n<h3>Control de teclado configurable y flexible<\/h3>\n<p><a href=\"https:\/\/www.keyturion.com\/es\/\" target=\"_blank\" rel=\"noopener\">Software de supervisi\u00f3n inform\u00e1tica Keyturion<\/a> es un <strong>keylogger altamente configurable y flexible<\/strong>dise\u00f1ado para adaptarse a su organizaci\u00f3n, respetando al mismo tiempo las normas y leyes sobre privacidad.<\/p>\n<p>Si su organizaci\u00f3n proh\u00edbe el registro de ciertos datos privados, puede configurar Keyturion para capturar s\u00f3lo informaci\u00f3n espec\u00edfica -como el uso de aplicaciones- e ignorar otros, como las contrase\u00f1as de los navegadores web. De este modo, se garantiza el cumplimiento de la normativa sobre privacidad sin dejar de supervisar la actividad relevante de los empleados.<\/p>\n<p>Los ajustes flexibles permiten definir reglas de exclusi\u00f3n de seguridad por nombre de ejecutable\/proceso o t\u00edtulo de ventana de aplicaci\u00f3n.<\/p>\n<p>Tambi\u00e9n puede filtrar las teclas extendidas que no sean relevantes para los datos recopilados. Por ejemplo, si las teclas de flecha o la tecla de retroceso interfieren con su interpretaci\u00f3n de las acciones de un usuario, Keyturion le permite excluirlas. Puede filtrar teclas como retroceso, Alt, Ctrl y otras teclas extendidas, lo que le da un control total sobre los datos presentados.<\/p>\n<h3>Sin conflictos<\/h3>\n<p><strong>Muchos keyloggers fallan<\/strong> para funcionar sin problemas con otro software, causando problemas de entrada de teclado, ralentizaciones de la aplicaci\u00f3n o errores que bloquean su flujo de trabajo. Al dise\u00f1ar Keyturion, nos hemos asegurado de que funcione sin entrar en conflicto con ninguna otra aplicaci\u00f3n de Windows.<\/p>\n<p>Esta potente tecnolog\u00eda se ejecuta sin problemas junto con todos los programas existentes, garantizando que el registro de pulsaciones de teclas contin\u00faa mientras el usuario est\u00e1 ocupado con cualquier aplicaci\u00f3n.<br \/>\nKeyturion no s\u00f3lo revela qu\u00e9 programa est\u00e1 abierto, sino que tambi\u00e9n muestra exactamente lo que el usuario est\u00e1 haciendo dentro de ese programa, proporcionando informaci\u00f3n valiosa y datos procesables.<\/p>\n<h3>Respetuoso con los recursos <a href=\"https:\/\/www.keylogger.pl\/\" target=\"_blank\" rel=\"noopener\">Registrador de teclas<\/a> Motor<\/h3>\n<p>Esta herramienta de registro de teclado est\u00e1 optimizada para tener un impacto m\u00ednimo en los recursos del sistema. Mientras se ejecuta, su efecto sobre el rendimiento es pr\u00e1cticamente imperceptible. Esto es fundamental para evitar interrupciones y mantener oculto el keylogger.<\/p>\n<p>Si un programa reci\u00e9n instalado ralentiza un ordenador, los usuarios pueden sospechar de su presencia. Con Keyturion <strong><a href=\"https:\/\/www.keyturion.com\/es\/free-keylogger\/\" target=\"_blank\" rel=\"noopener\">software keylogger gratuito<\/a><\/strong>Este riesgo se reduce al m\u00ednimo. Su insignificante impacto en el rendimiento le permite ejecutarse silenciosamente en segundo plano, pasando totalmente desapercibido.<\/p>\n<p>&nbsp;<\/p>","protected":false},"excerpt":{"rendered":"<p>\u00bfQu\u00e9 hace diferente a Keyturion Keylogger? Keyturion va m\u00e1s all\u00e1 de las expectativas de un software robusto de keylogging para Windows. Utilizando nuestra tecnolog\u00eda patentada de supervisi\u00f3n inteligente de teclas, obtendr\u00e1 una comprensi\u00f3n completa de cada tecla introducida en su ordenador. Registrador de pulsaciones de teclas que mantiene el formato original Nuestro software \u00fanico keylogger para Windows asegura que el formato original del texto escrito [...]<\/p>","protected":false},"author":2,"featured_media":122,"parent":751,"menu_order":0,"comment_status":"closed","ping_status":"closed","template":"page-feature.php","meta":{"footnotes":""},"class_list":["post-753","page","type-page","status-publish","has-post-thumbnail","hentry"],"acf":[],"_links":{"self":[{"href":"https:\/\/www.keyturion.com\/es\/wp-json\/wp\/v2\/pages\/753","targetHints":{"allow":["GET"]}}],"collection":[{"href":"https:\/\/www.keyturion.com\/es\/wp-json\/wp\/v2\/pages"}],"about":[{"href":"https:\/\/www.keyturion.com\/es\/wp-json\/wp\/v2\/types\/page"}],"author":[{"embeddable":true,"href":"https:\/\/www.keyturion.com\/es\/wp-json\/wp\/v2\/users\/2"}],"replies":[{"embeddable":true,"href":"https:\/\/www.keyturion.com\/es\/wp-json\/wp\/v2\/comments?post=753"}],"version-history":[{"count":20,"href":"https:\/\/www.keyturion.com\/es\/wp-json\/wp\/v2\/pages\/753\/revisions"}],"predecessor-version":[{"id":1475,"href":"https:\/\/www.keyturion.com\/es\/wp-json\/wp\/v2\/pages\/753\/revisions\/1475"}],"up":[{"embeddable":true,"href":"https:\/\/www.keyturion.com\/es\/wp-json\/wp\/v2\/pages\/751"}],"wp:featuredmedia":[{"embeddable":true,"href":"https:\/\/www.keyturion.com\/es\/wp-json\/wp\/v2\/media\/122"}],"wp:attachment":[{"href":"https:\/\/www.keyturion.com\/es\/wp-json\/wp\/v2\/media?parent=753"}],"curies":[{"name":"wp","href":"https:\/\/api.w.org\/{rel}","templated":true}]}}