{"id":522,"date":"2019-05-16T11:05:56","date_gmt":"2019-05-16T09:05:56","guid":{"rendered":"https:\/\/keyturion.com\/?page_id=522"},"modified":"2025-08-29T19:41:18","modified_gmt":"2025-08-29T17:41:18","slug":"purchase","status":"publish","type":"page","link":"https:\/\/www.keyturion.com\/es\/comprar\/","title":{"rendered":"Comprar"},"content":{"rendered":"<h3 class=\"standard\" style=\"text-align: center;\">Informaci\u00f3n b\u00e1sica<\/h3>\n<p>-\ufe0e <strong>Los precios indicados son pagos \u00fanicos para el periodo seleccionado (1, 3 o 12 meses)<\/strong>. No le cobramos mensualmente, y no hay auto-renovaciones ni pagos recurrentes. T\u00fa decides cu\u00e1ndo y si quieres renovar, \u00a1todo est\u00e1 bajo tu control!<\/p>\n<p>-\ufe0e <strong>Todas las ediciones de nuestros productos Keyturion, incluidas sus variantes, son adecuadas tanto para entornos empresariales como dom\u00e9sticos.<\/strong>. La denominaci\u00f3n \"Personal\" se refiere al n\u00famero de licencias, no a las limitaciones de uso.<\/p>\n<p>-Para compras de 20 o m\u00e1s dispositivos, est\u00e1 disponible la personalizaci\u00f3n completa. Por ejemplo, puede solicitar Keyturion PRO para 30 dispositivos durante un a\u00f1o, con un periodo de conservaci\u00f3n de datos de seis meses. Le proporcionaremos un presupuesto personalizado para ello. P\u00f3ngase en contacto con nosotros a trav\u00e9s de nuestro <a href=\"https:\/\/www.keyturion.com\/es\/pongase-en-contacto-con\/\" target=\"_blank\" rel=\"noopener\">P\u00e1gina de contacto<\/a>.<\/p>\n<p>&nbsp;<\/p>\n<h3 style=\"text-align: center;\">Preguntas frecuentes sobre compras y licencias<\/h3>\n<h4 style=\"font-size: 18px; color: #005cc3;\">\u00bfPuedo utilizar mi licencia actual despu\u00e9s de cambiar de dispositivo o sistema operativo?<\/h4>\n<p>Buenas noticias. Puede transferir f\u00e1cilmente su licencia existente en esta situaci\u00f3n. No es necesario adquirir una nueva. Usted es libre de transferir su licencia tantas veces como sea necesario durante el per\u00edodo de licencia. Nuestro panel de administraci\u00f3n le permite hacerlo usted mismo: s\u00f3lo tiene que desinstalar el agente del ordenador antiguo y eliminarlo de su panel web (versi\u00f3n PRO). As\u00ed de sencillo.<\/p>\n<h4 style=\"font-size: 18px; color: #005cc3;\">\u00bfPuedo supervisar m\u00e1s de una cuenta de usuario en un mismo ordenador con Windows?<\/h4>\n<p>S\u00ed, puede supervisar varios usuarios del sistema Windows en un solo equipo. Por ejemplo, si tiene tres usuarios en una sola m\u00e1quina f\u00edsica, una licencia para un solo dispositivo los cubre a todos.<\/p>\n<h4 style=\"font-size: 18px; color: #005cc3;\">\u00bfHay alguna diferencia entre los art\u00edculos de la cesta de la compra, aparte del n\u00famero m\u00e1ximo de dispositivos en los que se puede instalar el software?<\/h4>\n<p>No. Todas las versiones para 1, 5 y 10 dispositivos para PRO (o 1 y 3 para regular) tienen las mismas capacidades. Hay una peque\u00f1a excepci\u00f3n: la versi\u00f3n PRO ofrece un par\u00e1metro adicional de retenci\u00f3n de datos para las versiones de 1 a\u00f1o, que permite seleccionar un valor superior a la opci\u00f3n est\u00e1ndar de un mes en la p\u00e1gina de compra.<\/p>\n<h4 style=\"font-size: 18px; color: #005cc3;\">\u00bfQu\u00e9 significa el par\u00e1metro \"Periodo de conservaci\u00f3n de datos\" en la p\u00e1gina de compra para la versi\u00f3n PRO 1 a\u00f1o?<\/h4>\n<p>El par\u00e1metro \"Retenci\u00f3n\" que ve en la tienda de Keyturion PRO determina cu\u00e1nto tiempo se conservan en el servidor sus datos de acceso.<\/p>\n<p>Por ejemplo, si compra una licencia de 1 a\u00f1o con un periodo de retenci\u00f3n de 3 meses, su licencia y su cuenta ser\u00e1n v\u00e1lidas durante todo el a\u00f1o, pero los datos se almacenar\u00e1n durante un m\u00e1ximo de 3 meses. Los datos anteriores al periodo de retenci\u00f3n se eliminan autom\u00e1ticamente.<br \/>\nConsiderando el ejemplo anterior, despu\u00e9s de 4 meses de uso tendr\u00e1s acceso a los datos de los \u00faltimos 90 d\u00edas (el mes m\u00e1s antiguo se borrar\u00e1 autom\u00e1ticamente).<\/p>","protected":false},"excerpt":{"rendered":"<p>Basic information \u2022\ufe0e The prices shown are one-time payments for the selected period (1, 3 or 12 months). We don\u2019t charge you monthly, and there are no auto-renewals or recurring payments. You decide when and if you want to renew\u2014everything is entirely in your control! \u2022\ufe0e All editions of our Keyturion products, including their variants, [&hellip;]<\/p>","protected":false},"author":2,"featured_media":0,"parent":0,"menu_order":0,"comment_status":"closed","ping_status":"closed","template":"page-koszyk-2024.php","meta":{"footnotes":""},"class_list":["post-522","page","type-page","status-publish","hentry"],"acf":[],"_links":{"self":[{"href":"https:\/\/www.keyturion.com\/es\/wp-json\/wp\/v2\/pages\/522","targetHints":{"allow":["GET"]}}],"collection":[{"href":"https:\/\/www.keyturion.com\/es\/wp-json\/wp\/v2\/pages"}],"about":[{"href":"https:\/\/www.keyturion.com\/es\/wp-json\/wp\/v2\/types\/page"}],"author":[{"embeddable":true,"href":"https:\/\/www.keyturion.com\/es\/wp-json\/wp\/v2\/users\/2"}],"replies":[{"embeddable":true,"href":"https:\/\/www.keyturion.com\/es\/wp-json\/wp\/v2\/comments?post=522"}],"version-history":[{"count":82,"href":"https:\/\/www.keyturion.com\/es\/wp-json\/wp\/v2\/pages\/522\/revisions"}],"predecessor-version":[{"id":1426,"href":"https:\/\/www.keyturion.com\/es\/wp-json\/wp\/v2\/pages\/522\/revisions\/1426"}],"wp:attachment":[{"href":"https:\/\/www.keyturion.com\/es\/wp-json\/wp\/v2\/media?parent=522"}],"curies":[{"name":"wp","href":"https:\/\/api.w.org\/{rel}","templated":true}]}}