{"id":1240,"date":"2024-09-04T09:29:03","date_gmt":"2024-09-04T07:29:03","guid":{"rendered":"https:\/\/keyturion.com\/?page_id=1240"},"modified":"2024-09-13T23:09:05","modified_gmt":"2024-09-13T21:09:05","slug":"cart2024","status":"publish","type":"page","link":"https:\/\/www.keyturion.com\/es\/carro2024\/","title":{"rendered":"Carrito2024"},"content":{"rendered":"<h4 class=\"standard\">Informaci\u00f3n b\u00e1sica sobre la licencia<\/h4>\n<p class=\"standard\">Las licencias de KeyTurion y KeyTurion PRO son adecuadas tanto para uso personal como empresarial. Despu\u00e9s de pulsar el bot\u00f3n \"Comprar ahora\", ser\u00e1 redirigido a la p\u00e1gina de nuestro procesador de pagos (PayPro Global). Su licencia junto con una factura ser\u00e1 enviada a la direcci\u00f3n de correo electr\u00f3nico especificada.<\/p>\n<p class=\"standard\">La clave de licencia de KeyTurion le permitir\u00e1 utilizar todas las funciones de la aplicaci\u00f3n durante 12 meses y recibir todas las actualizaciones futuras durante este periodo por un importe de 1.000 euros. <strong>gratis<\/strong>. Aumentando la cantidad de licencias en la p\u00e1gina de compra y pago aumentar\u00e1 la cantidad de posibles ordenadores con licencia. Por ejemplo, una licencia de 3 unidades generar\u00e1 una \u00fanica clave de licencia v\u00e1lida para 3 ordenadores.<\/p>\n<h4 class=\"standard\">\u00bfPuedo actualizar KeyTurion a KeyTurion PRO?<\/h4>\n<p class=\"standard\">S\u00ed, puede hacerlo. Si desea actualizar, tiene que ponerse en contacto con nosotros a trav\u00e9s de nuestro <a href=\"https:\/\/www.keyturion.com\/es\/pongase-en-contacto-con\/\" target=\"_blank\" rel=\"noopener\">P\u00e1gina de contacto<\/a>.<\/p>\n<h4>\u00bfQu\u00e9 significa el par\u00e1metro: \"<label class=\"col-sm-4 control-label\" for=\"selection_49853\">Per\u00edodo de conservaci\u00f3n de los datos<\/label>\" en la p\u00e1gina de compra?<\/h4>\n<p>El par\u00e1metro en \"Retenci\u00f3n\" que ves en la tienda para Keyturion PRO es el par\u00e1metro que determina cu\u00e1nto tiempo se mantienen en el servidor tus datos de acceso.<\/p>\n<p>Por ejemplo, si compra una licencia est\u00e1ndar de 1 a\u00f1o, con un periodo de retenci\u00f3n de 3 meses, significa que su licencia y su cuenta son v\u00e1lidas durante todo un a\u00f1o, pero los datos se almacenan durante un m\u00e1ximo de 3 meses y los datos m\u00e1s antiguos que el periodo de retenci\u00f3n se eliminan autom\u00e1ticamente.<br \/>\nConsiderando el ejemplo anterior, despu\u00e9s de 4 meses de uso tendr\u00e1s acceso a los datos de los \u00faltimos 3 meses (el primer mes m\u00e1s antiguo se borrar\u00e1 autom\u00e1ticamente)<\/p>","protected":false},"excerpt":{"rendered":"<p>Informaci\u00f3n b\u00e1sica de la licencia Las licencias de KeyTurion y KeyTurion PRO son adecuadas tanto para uso personal como empresarial. Despu\u00e9s de pulsar el bot\u00f3n \"Comprar ahora\", ser\u00e1 redirigido a la p\u00e1gina de nuestro procesador de pagos (PayPro Global). Su licencia junto con una factura ser\u00e1 enviada a la direcci\u00f3n de correo electr\u00f3nico especificada. La clave de licencia de KeyTurion le permitir\u00e1 utilizar todos [...]<\/p>","protected":false},"author":2,"featured_media":0,"parent":0,"menu_order":0,"comment_status":"closed","ping_status":"closed","template":"page-koszyk-2024.php","meta":{"footnotes":""},"class_list":["post-1240","page","type-page","status-publish","hentry"],"acf":[],"_links":{"self":[{"href":"https:\/\/www.keyturion.com\/es\/wp-json\/wp\/v2\/pages\/1240","targetHints":{"allow":["GET"]}}],"collection":[{"href":"https:\/\/www.keyturion.com\/es\/wp-json\/wp\/v2\/pages"}],"about":[{"href":"https:\/\/www.keyturion.com\/es\/wp-json\/wp\/v2\/types\/page"}],"author":[{"embeddable":true,"href":"https:\/\/www.keyturion.com\/es\/wp-json\/wp\/v2\/users\/2"}],"replies":[{"embeddable":true,"href":"https:\/\/www.keyturion.com\/es\/wp-json\/wp\/v2\/comments?post=1240"}],"version-history":[{"count":5,"href":"https:\/\/www.keyturion.com\/es\/wp-json\/wp\/v2\/pages\/1240\/revisions"}],"predecessor-version":[{"id":1256,"href":"https:\/\/www.keyturion.com\/es\/wp-json\/wp\/v2\/pages\/1240\/revisions\/1256"}],"wp:attachment":[{"href":"https:\/\/www.keyturion.com\/es\/wp-json\/wp\/v2\/media?parent=1240"}],"curies":[{"name":"wp","href":"https:\/\/api.w.org\/{rel}","templated":true}]}}