{"id":1172,"date":"2024-04-12T12:31:54","date_gmt":"2024-04-12T10:31:54","guid":{"rendered":"https:\/\/keyturion.com\/?page_id=1172"},"modified":"2025-09-29T14:51:40","modified_gmt":"2025-09-29T12:51:40","slug":"download-free-keylogger","status":"publish","type":"page","link":"https:\/\/www.keyturion.com\/es\/descargar-keylogger-gratis\/","title":{"rendered":"Descargar keylogger gratuito"},"content":{"rendered":"<p style=\"text-align: center;\"><strong>Keyturion Registrador de teclas gratuito<\/strong> es una edici\u00f3n gratuita de la versi\u00f3n comercial con peque\u00f1as limitaciones:<br \/>\nEn relaci\u00f3n con la versi\u00f3n comercial, carece de la opci\u00f3n de ocultaci\u00f3n completa y de env\u00edo a correo electr\u00f3nico, \u00a1todas las dem\u00e1s funcionalidades son id\u00e9nticas a las de la versi\u00f3n de pago!<br \/>\nEl software es 100% seguro y no nos env\u00eda ning\u00fan dato. Sin adware ni estad\u00edsticas de seguimiento. 100% limpio.<br \/>\n<s><strong>Introduzca a continuaci\u00f3n su direcci\u00f3n de correo electr\u00f3nico, en la que recibir\u00e1 su licencia gratuita y un enlace para descargar el programa.<\/strong><\/s><\/p>\n<h3 style=\"text-align: center; background-color: #f0ffea;\">A partir del 29 de septiembre de 2025, dejaremos de ofrecer la versi\u00f3n gratuita. Queremos centrarnos en nuestros fieles clientes que han depositado su confianza en nosotros. Concentrarnos en las suscripciones de pago, que requieren un mayor compromiso con el desarrollo y la asistencia, es ahora nuestra prioridad.<br \/>\nLe animamos a probar la versi\u00f3n de prueba gratuita de nuestro producto principal. <a href=\"https:\/\/www.keyturion.com\/es\/demo\/\" target=\"_blank\" rel=\"noopener\">Keyturion PRO.<\/a><\/h3>\n<p>&nbsp;<\/p>\n<p style=\"text-align: center;\">Su direcci\u00f3n de correo electr\u00f3nico se utilizar\u00e1 una sola vez para generar su licencia individual, no utilizaremos su direcci\u00f3n para ning\u00fan otro fin, ni siquiera le enviaremos ofertas, no nos gusta el spam como a usted.<\/p>\n<p style=\"text-align: center;\">\n<style>\n    .faq-section h2 {<br \/>        color: #333;<br \/>        font-size: 24px;<br \/>        margin-bottom: 20px;<br \/>    }<\/p>\n<p>    .faq-section h3 {<br \/>        color: #0073aa;<br \/>        font-size: 18px;<br \/>        cursor: pointer;<br \/>        margin-top: 10px;<br \/>    }<\/p>\n<p>    .faq-section p {<br \/>        font-size: 14px;<br \/>        color: #666;<br \/>        margin-top: 5px;<br \/>    }<br \/><\/style>\n<\/p>\n<div class=\"faq-section\">\n<h2 style=\"text-align: center;\">Free Keylogger FAQ - Preguntas m\u00e1s frecuentes<\/h2>\n<h3 style=\"text-align: center;\">1. \u00bfEl programa es realmente gratuito?<\/h3>\n<p style=\"text-align: center;\">S\u00ed, es un software completamente gratuito. Le enviaremos gratuitamente una licencia de un a\u00f1o a la direcci\u00f3n de correo electr\u00f3nico facilitada. Una vez transcurrido este periodo, solo tienes que volver a solicitar la licencia (en esta p\u00e1gina) para recibirla en la misma direcci\u00f3n de correo electr\u00f3nico o en cualquier otra.<\/p>\n<h3 style=\"text-align: center;\">2. \u00bfPuedo instalarlo en mi empresa?<\/h3>\n<p style=\"text-align: center;\">S\u00ed, la versi\u00f3n gratuita no tiene limitaciones. Puede ser utilizada gratuitamente tanto por usuarios particulares como por empresas, en un n\u00famero ilimitado de ordenadores.<\/p>\n<h3 style=\"text-align: center;\">3. \u00bfContiene el programa alguna funci\u00f3n oculta?<\/h3>\n<p style=\"text-align: center;\">No, nuestro modelo Freemium es completamente transparente y seguro. El programa no nos env\u00eda datos estad\u00edsticos ni de ning\u00fan otro tipo, todo lo que registra permanece en su ordenador. Sin embargo, es importante recordar que los programas de monitorizaci\u00f3n como los keyloggers suelen estar en el punto de mira de los programas antivirus, por lo que la detecci\u00f3n falsa del programa como una amenaza es desgraciadamente posible. Si se encuentra con un problema de este tipo, utilice la funci\u00f3n de excepciones\/exclusiones de su programa antivirus.<\/p>\n<\/div>\n<h3><\/h3>\n<h2 style=\"text-align: center;\">Sistemas operativos compatibles:<\/h2>\n<p style=\"text-align: center;\">Windows 11, Windows 10,<br \/>\nWindows 8.1, Windows 7, Windows Vista<\/p>","protected":false},"excerpt":{"rendered":"<p>Keyturion Free Keylogger es una edici\u00f3n gratuita de la versi\u00f3n comercial con peque\u00f1as limitaciones: En relaci\u00f3n con la versi\u00f3n comercial, carece de la opci\u00f3n de ocultaci\u00f3n completa y de env\u00edo al correo electr\u00f3nico, \u00a1todas las dem\u00e1s funcionalidades son id\u00e9nticas a las de la versi\u00f3n de pago! \u00a1El software es 100% seguro y no nos env\u00eda ning\u00fan dato! No contiene adware [...]<\/p>","protected":false},"author":2,"featured_media":0,"parent":0,"menu_order":0,"comment_status":"closed","ping_status":"closed","template":"","meta":{"footnotes":""},"class_list":["post-1172","page","type-page","status-publish","hentry"],"acf":[],"_links":{"self":[{"href":"https:\/\/www.keyturion.com\/es\/wp-json\/wp\/v2\/pages\/1172","targetHints":{"allow":["GET"]}}],"collection":[{"href":"https:\/\/www.keyturion.com\/es\/wp-json\/wp\/v2\/pages"}],"about":[{"href":"https:\/\/www.keyturion.com\/es\/wp-json\/wp\/v2\/types\/page"}],"author":[{"embeddable":true,"href":"https:\/\/www.keyturion.com\/es\/wp-json\/wp\/v2\/users\/2"}],"replies":[{"embeddable":true,"href":"https:\/\/www.keyturion.com\/es\/wp-json\/wp\/v2\/comments?post=1172"}],"version-history":[{"count":33,"href":"https:\/\/www.keyturion.com\/es\/wp-json\/wp\/v2\/pages\/1172\/revisions"}],"predecessor-version":[{"id":1438,"href":"https:\/\/www.keyturion.com\/es\/wp-json\/wp\/v2\/pages\/1172\/revisions\/1438"}],"wp:attachment":[{"href":"https:\/\/www.keyturion.com\/es\/wp-json\/wp\/v2\/media?parent=1172"}],"curies":[{"name":"wp","href":"https:\/\/api.w.org\/{rel}","templated":true}]}}