{"id":767,"date":"2021-03-09T18:22:04","date_gmt":"2021-03-09T17:22:04","guid":{"rendered":"https:\/\/keyturion.com\/?page_id=767"},"modified":"2025-12-08T10:21:14","modified_gmt":"2025-12-08T09:21:14","slug":"printed-document-tracking","status":"publish","type":"page","link":"https:\/\/www.keyturion.com\/de\/merkmale\/dokumenten-verfolgung\/","title":{"rendered":"Verfolgung gedruckter Dokumente"},"content":{"rendered":"<h2>Druckeraktivit\u00e4ts\u00fcberwachung | Verfolgung und Protokollierung aller gedruckten Dokumente<\/h2>\n<p>Ein wichtiges Merkmal, das in vielen <a href=\"https:\/\/www.keyturion.com\/de\/computer-monitoring\/\" target=\"_blank\" rel=\"noopener\">Computer-\u00dcberwachungstools<\/a> ist die M\u00f6glichkeit, alle gedruckten Materialien umfassend zu verfolgen und zu protokollieren.<br \/>\nUSB-Tracking allein reicht nicht aus - sensible Daten k\u00f6nnen ein sicheres System ebenso leicht \u00fcber einen Drucker verlassen.<br \/>\nKeyturion schlie\u00dft diese Sicherheitsl\u00fccke, indem es jedes Mal, wenn ein Benutzer versucht, von einem \u00fcberwachten Windows-Computer zu drucken, ein vollst\u00e4ndiges Protokoll mit Zeitstempel erstellt.<\/p>\n<p>Jeder Druckauftrag wird sorgf\u00e4ltig in einer sicheren Datenbank aufgezeichnet, so dass Sie die Druckaktivit\u00e4ten bei Bedarf \u00fcberpr\u00fcfen, filtern und analysieren k\u00f6nnen.<br \/>\nDies macht Keyturion zu einem unsch\u00e4tzbaren <a href=\"https:\/\/www.keyturion.com\/de\/\" target=\"_blank\" rel=\"noopener\">Monitoring-Software-L\u00f6sung<\/a> f\u00fcr die Einhaltung von Datenschutzbestimmungen, das Bestehen von Sicherheitspr\u00fcfungen und den Schutz vertraulicher Informationen in Branchen, in denen Datensicherheit von entscheidender Bedeutung ist.<\/p>\n<h2><strong>Alle Druckanfragen werden erfasst<\/strong><\/h2>\n<p>Jedes Mal, wenn ein \u00fcberwachter Computer einen Druckbefehl sendet, zeichnet Keyturion genau auf, was gedruckt wurde und wann es gedruckt wurde.<br \/>\nDies liefert zwei wichtige Informationen, die Ihnen helfen, physische Datenlecks zu verfolgen und zu kontrollieren.<br \/>\nIm Laufe der Zeit erhalten Sie eine vollst\u00e4ndige, durchsuchbare Aufzeichnung aller Druckauftr\u00e4ge, die von einem beliebigen Benutzer gestellt werden, so dass Sie einen vollst\u00e4ndigen \u00dcberblick \u00fcber potenziell sensible Materialien haben, die Ihr Unternehmen in Papierform verlassen.<\/p>\n<h2><strong>Detaillierte Druckprotokollierung f\u00fcr maximale Sicherheit<\/strong><\/h2>\n<p>Die Druckverfolgung von Keyturion geht weit \u00fcber die einfache Protokollierung von Dateinamen und Zeitstempel hinaus.<br \/>\nJeder Druckauftrag wird mit umfassenden Details aufgezeichnet, einschlie\u00dflich:<\/p>\n<ul>\n<li>Datum und Uhrzeit des Drucks<\/li>\n<li>Verwendeter Drucker<\/li>\n<li>Dokument\/Dateiname<\/li>\n<li>Benutzername der Person, die gedruckt hat<\/li>\n<li>Anzahl der gedruckten Exemplare<\/li>\n<li>Spezifische gedruckte Seiten<\/li>\n<\/ul>\n<p>Diese Detailgenauigkeit gibt Ihnen die vollst\u00e4ndige Kontrolle \u00fcber die Druckaktivit\u00e4ten.<br \/>\nWenn zum Beispiel vertrauliche Kundendaten au\u00dferhalb Ihres Unternehmens auftauchen, k\u00f6nnen Sie genau feststellen, welcher Benutzer sie gedruckt hat, wann dies geschah, wie viele Kopien erstellt wurden und welche Seiten betroffen waren.<br \/>\nMit diesen Daten k\u00f6nnen Sie schnell handeln, um den Versto\u00df einzud\u00e4mmen, Ihre Kunden zu sch\u00fctzen und den Ruf Ihres Unternehmens zu wahren.<\/p>\n<p>&nbsp;<\/p>","protected":false},"excerpt":{"rendered":"<p>Printer Activity Monitoring | Track and Log All Printed Documents One major feature missing in many computer monitoring tools is the ability to comprehensively track and log all printed materials. USB tracking alone is not enough \u2014 sensitive data can just as easily leave a secure system via a printer. Keyturion closes this security gap [&hellip;]<\/p>","protected":false},"author":2,"featured_media":570,"parent":751,"menu_order":0,"comment_status":"closed","ping_status":"closed","template":"page-feature.php","meta":{"footnotes":""},"class_list":["post-767","page","type-page","status-publish","has-post-thumbnail","hentry"],"acf":[],"_links":{"self":[{"href":"https:\/\/www.keyturion.com\/de\/wp-json\/wp\/v2\/pages\/767","targetHints":{"allow":["GET"]}}],"collection":[{"href":"https:\/\/www.keyturion.com\/de\/wp-json\/wp\/v2\/pages"}],"about":[{"href":"https:\/\/www.keyturion.com\/de\/wp-json\/wp\/v2\/types\/page"}],"author":[{"embeddable":true,"href":"https:\/\/www.keyturion.com\/de\/wp-json\/wp\/v2\/users\/2"}],"replies":[{"embeddable":true,"href":"https:\/\/www.keyturion.com\/de\/wp-json\/wp\/v2\/comments?post=767"}],"version-history":[{"count":11,"href":"https:\/\/www.keyturion.com\/de\/wp-json\/wp\/v2\/pages\/767\/revisions"}],"predecessor-version":[{"id":1476,"href":"https:\/\/www.keyturion.com\/de\/wp-json\/wp\/v2\/pages\/767\/revisions\/1476"}],"up":[{"embeddable":true,"href":"https:\/\/www.keyturion.com\/de\/wp-json\/wp\/v2\/pages\/751"}],"wp:featuredmedia":[{"embeddable":true,"href":"https:\/\/www.keyturion.com\/de\/wp-json\/wp\/v2\/media\/570"}],"wp:attachment":[{"href":"https:\/\/www.keyturion.com\/de\/wp-json\/wp\/v2\/media?parent=767"}],"curies":[{"name":"wp","href":"https:\/\/api.w.org\/{rel}","templated":true}]}}