{"id":761,"date":"2021-03-09T18:19:28","date_gmt":"2021-03-09T17:19:28","guid":{"rendered":"https:\/\/keyturion.com\/?page_id=761"},"modified":"2025-12-08T10:23:55","modified_gmt":"2025-12-08T09:23:55","slug":"visited-websites-monitoring","status":"publish","type":"page","link":"https:\/\/www.keyturion.com\/de\/merkmale\/uberwachung-der-besuchten-webseiten\/","title":{"rendered":"\u00dcberwachung besuchter Websites"},"content":{"rendered":"<h2>Verlauf des Browsing<\/h2>\n<p>Die \u00dcberwachung der Webnutzung ist ein wesentliches Merkmal der modernen <a href=\"https:\/\/www.keyturion.com\/de\/\" target=\"_blank\" rel=\"noopener\">Computer\u00fcberwachungssoftware<\/a>. Keyturion verfolgt jede besuchte Website, unabh\u00e4ngig davon, wie sie aufgerufen wurde - unter Umgehung von Proxys, privatem Modus, Verkn\u00fcpfungen oder Klicks im Browserverlauf.<\/p>\n<h2>Verfolgung besuchter Websites im privaten Modus<\/h2>\n<p>Die meisten Browser bieten einen \"Privaten Modus\", um besuchte Websites, den Suchverlauf und Cookies zu verbergen. Keyturion \u00fcberwindet diese Einschr\u00e4nkung und zeichnet URLs auch im Privat- oder Inkognito-Modus auf - so sehen Sie alle Aktivit\u00e4ten, auch wenn Nutzer versuchen, ihre Spuren zu verwischen.<\/p>\n<h2>URL-Verfolgung<\/h2>\n<p>Keyturion zeichnet die besuchten URLs auf, unabh\u00e4ngig davon, ob sie manuell eingegeben, \u00fcber Lesezeichen ge\u00f6ffnet oder \u00fcber Tastenkombinationen aufgerufen wurden. Dadurch werden Schlupfl\u00f6cher f\u00fcr den Zugriff auf nicht autorisierte Websites beseitigt, einschlie\u00dflich der Besuche, die \u00fcber die automatische Vervollst\u00e4ndigung initiiert wurden.<\/p>\n<h2>Website-ausgel\u00f6ste Alarme<\/h2>\n<p>Legen Sie Warnungen f\u00fcr bestimmte Websites oder URLs fest, die Sie blockieren oder verfolgen m\u00f6chten. Erhalten Sie sofortige E-Mail-Benachrichtigungen oder l\u00f6sen Sie automatische Screenshots aus, sobald eine Regel verletzt wird. Dies ist n\u00fctzlich f\u00fcr Unternehmen, die Richtlinien zur akzeptablen Nutzung durchsetzen wollen, und f\u00fcr Eltern, die sicherstellen wollen, dass ihre Kinder ungeeignete Websites meiden.<\/p>","protected":false},"excerpt":{"rendered":"<p>Browsing History Monitoring web usage is a key feature of modern computer monitoring software. Keyturion tracks every website visited, regardless of how it was accessed \u2014 bypassing proxies, private mode, shortcuts, or browser history clicks. Visited Website Tracking in Private Mode Most browsers offer \u201cPrivate Mode\u201d to hide visited sites, search history, and cookies. Keyturion [&hellip;]<\/p>","protected":false},"author":2,"featured_media":127,"parent":751,"menu_order":0,"comment_status":"closed","ping_status":"closed","template":"page-feature.php","meta":{"footnotes":""},"class_list":["post-761","page","type-page","status-publish","has-post-thumbnail","hentry"],"acf":[],"_links":{"self":[{"href":"https:\/\/www.keyturion.com\/de\/wp-json\/wp\/v2\/pages\/761","targetHints":{"allow":["GET"]}}],"collection":[{"href":"https:\/\/www.keyturion.com\/de\/wp-json\/wp\/v2\/pages"}],"about":[{"href":"https:\/\/www.keyturion.com\/de\/wp-json\/wp\/v2\/types\/page"}],"author":[{"embeddable":true,"href":"https:\/\/www.keyturion.com\/de\/wp-json\/wp\/v2\/users\/2"}],"replies":[{"embeddable":true,"href":"https:\/\/www.keyturion.com\/de\/wp-json\/wp\/v2\/comments?post=761"}],"version-history":[{"count":13,"href":"https:\/\/www.keyturion.com\/de\/wp-json\/wp\/v2\/pages\/761\/revisions"}],"predecessor-version":[{"id":1478,"href":"https:\/\/www.keyturion.com\/de\/wp-json\/wp\/v2\/pages\/761\/revisions\/1478"}],"up":[{"embeddable":true,"href":"https:\/\/www.keyturion.com\/de\/wp-json\/wp\/v2\/pages\/751"}],"wp:featuredmedia":[{"embeddable":true,"href":"https:\/\/www.keyturion.com\/de\/wp-json\/wp\/v2\/media\/127"}],"wp:attachment":[{"href":"https:\/\/www.keyturion.com\/de\/wp-json\/wp\/v2\/media?parent=761"}],"curies":[{"name":"wp","href":"https:\/\/api.w.org\/{rel}","templated":true}]}}