{"id":757,"date":"2021-03-09T18:17:14","date_gmt":"2021-03-09T17:17:14","guid":{"rendered":"https:\/\/keyturion.com\/?page_id=757"},"modified":"2025-12-08T10:22:24","modified_gmt":"2025-12-08T09:22:24","slug":"screenshots-monitoring","status":"publish","type":"page","link":"https:\/\/www.keyturion.com\/de\/merkmale\/screenshots-monitoring\/","title":{"rendered":"Screen Capture-Screenshots"},"content":{"rendered":"<p>Die M\u00f6glichkeit, genau zu sehen, was ein Nutzer tut, ist der Schl\u00fcssel zu jeder <a href=\"https:\/\/www.keyturion.com\/de\/\" target=\"_blank\" rel=\"noopener\">effektive Computer\u00fcberwachungssoftware<\/a>. Das Intelligent Screenshot System von Keyturion bietet pr\u00e4zise, ressourcenschonende und verdeckte Bildschirmaufnahmen, unabh\u00e4ngig von der verwendeten Anwendung.<\/p>\n<h3>H\u00e4ufigkeit der Bildschirmaufzeichnung anpassen<\/h3>\n<p>Legen Sie fest, wie oft Screenshots erstellt werden sollen - jede Minute, jede Stunde oder in einem beliebigen Intervall Ihrer Wahl. Erh\u00f6hen Sie die H\u00e4ufigkeit, wenn Sie kurze, nicht autorisierte Aktivit\u00e4ten vermuten. Screenshots k\u00f6nnen zur sofortigen Best\u00e4tigung direkt an Sie gesendet werden.<\/p>\n<h3>Benutzerdefinierte Alarme<\/h3>\n<p>Definieren Sie Ereignisse, die einen Screenshot und eine Warnung ausl\u00f6sen - z. B. bestimmte eingegebene W\u00f6rter, gestartete Programme, besuchte Websites oder kopierte Daten aus der Zwischenablage. Auf diese Weise werden Sie nur benachrichtigt, wenn Regeln gebrochen werden, wodurch die Notwendigkeit einer st\u00e4ndigen \u00dcberwachung verringert und die Privatsph\u00e4re der Benutzer gewahrt wird.<\/p>\n<h3>Intelligentes Screenshot-System<\/h3>\n<p>Verwalten Sie m\u00fchelos eine gro\u00dfe Anzahl von Screenshots, indem Sie sie sortieren und filtern, um schnell die wichtigsten Informationen zu finden.<\/p>\n<p>&nbsp;<\/p>","protected":false},"excerpt":{"rendered":"<p>Being able to see exactly what a user is doing is key to any effective computer monitoring software. Keyturion\u2019s Intelligent Screenshot System offers precise, resource-friendly, and covert screen capture, regardless of the application in use. Adjust Frequency of Screen Capture Set how often screenshots are taken \u2014 every minute, hour, or any interval you choose. [&hellip;]<\/p>","protected":false},"author":2,"featured_media":126,"parent":751,"menu_order":0,"comment_status":"closed","ping_status":"closed","template":"page-feature.php","meta":{"footnotes":""},"class_list":["post-757","page","type-page","status-publish","has-post-thumbnail","hentry"],"acf":[],"_links":{"self":[{"href":"https:\/\/www.keyturion.com\/de\/wp-json\/wp\/v2\/pages\/757","targetHints":{"allow":["GET"]}}],"collection":[{"href":"https:\/\/www.keyturion.com\/de\/wp-json\/wp\/v2\/pages"}],"about":[{"href":"https:\/\/www.keyturion.com\/de\/wp-json\/wp\/v2\/types\/page"}],"author":[{"embeddable":true,"href":"https:\/\/www.keyturion.com\/de\/wp-json\/wp\/v2\/users\/2"}],"replies":[{"embeddable":true,"href":"https:\/\/www.keyturion.com\/de\/wp-json\/wp\/v2\/comments?post=757"}],"version-history":[{"count":14,"href":"https:\/\/www.keyturion.com\/de\/wp-json\/wp\/v2\/pages\/757\/revisions"}],"predecessor-version":[{"id":1477,"href":"https:\/\/www.keyturion.com\/de\/wp-json\/wp\/v2\/pages\/757\/revisions\/1477"}],"up":[{"embeddable":true,"href":"https:\/\/www.keyturion.com\/de\/wp-json\/wp\/v2\/pages\/751"}],"wp:featuredmedia":[{"embeddable":true,"href":"https:\/\/www.keyturion.com\/de\/wp-json\/wp\/v2\/media\/126"}],"wp:attachment":[{"href":"https:\/\/www.keyturion.com\/de\/wp-json\/wp\/v2\/media?parent=757"}],"curies":[{"name":"wp","href":"https:\/\/api.w.org\/{rel}","templated":true}]}}