{"id":753,"date":"2021-03-09T17:30:18","date_gmt":"2021-03-09T16:30:18","guid":{"rendered":"https:\/\/keyturion.com\/?page_id=753"},"modified":"2025-12-08T10:19:17","modified_gmt":"2025-12-08T09:19:17","slug":"keylogger","status":"publish","type":"page","link":"https:\/\/www.keyturion.com\/de\/merkmale\/keylogger\/","title":{"rendered":"Keylogger"},"content":{"rendered":"<h2>Was macht Keyturion Keylogger anders?<\/h2>\n<p><a href=\"https:\/\/www.keyturion.com\/de\/\" target=\"_blank\" rel=\"noopener\">Keyturion<\/a> geht \u00fcber die Erwartungen an eine robuste Keylogging-Software f\u00fcr Windows hinaus. Mithilfe unserer propriet\u00e4ren intelligenten Tasten\u00fcberwachungstechnologie erhalten Sie einen vollst\u00e4ndigen \u00dcberblick \u00fcber jeden auf Ihrem Computer eingegebenen Tastenanschlag.<\/p>\n<h3>Keystroke Logger, der die urspr\u00fcngliche Formatierung beibeh\u00e4lt<\/h3>\n<p>Unser einzigartiges <strong>Keylogging-Software<\/strong> f\u00fcr Windows stellt sicher, dass die urspr\u00fcngliche Formatierung des eingegebenen Textes genau so erhalten bleibt, wie der Benutzer sie eingegeben hat. Das bedeutet, dass Sie jede Taste, die ein Benutzer getippt hat, in genau dem Format sehen k\u00f6nnen, in dem sie auf dem Computer erschienen ist - ohne Neuformatierung oder \u00c4nderungen. So wissen Sie genau, was getippt wurde und wie es erschienen ist.<\/p>\n<h3>Konfigurierbare und flexible Tastatur\u00fcberwachung<\/h3>\n<p><a href=\"https:\/\/www.keyturion.com\/de\/\" target=\"_blank\" rel=\"noopener\">Keyturion Software zur Computer\u00fcberwachung<\/a> ist eine <strong>hochgradig konfigurierbarer und flexibler Keylogger<\/strong>die so konzipiert sind, dass sie sich in Ihr Unternehmen einf\u00fcgen und gleichzeitig die Datenschutzbestimmungen und -gesetze einhalten.<\/p>\n<p>Wenn Ihr Unternehmen die Aufzeichnung bestimmter privater Daten verbietet, k\u00f6nnen Sie Keyturion so konfigurieren, dass nur bestimmte Informationen erfasst werden, z. B. die Nutzung von Anwendungen, w\u00e4hrend andere, wie Passw\u00f6rter in Webbrowsern, ignoriert werden. Auf diese Weise wird die Einhaltung der Datenschutzbestimmungen gew\u00e4hrleistet, w\u00e4hrend gleichzeitig relevante Mitarbeiteraktivit\u00e4ten \u00fcberwacht werden.<\/p>\n<p>Flexible Einstellungen erm\u00f6glichen es Ihnen, Sicherheitsausschlussregeln nach dem Namen der ausf\u00fchrbaren Datei\/Prozess oder dem Titel des Anwendungsfensters zu definieren.<\/p>\n<p>Sie k\u00f6nnen auch alle erweiterten Tasten herausfiltern, die f\u00fcr Ihre gesammelten Daten nicht relevant sind. Wenn zum Beispiel Pfeiltasten oder die R\u00fccktaste die Interpretation der Aktionen eines Benutzers st\u00f6ren, k\u00f6nnen Sie sie mit Keyturion ausschlie\u00dfen. Sie k\u00f6nnen Tasten wie R\u00fccktaste, Alt, Strg und andere erweiterte Tasten herausfiltern und haben so die volle Kontrolle \u00fcber die dargestellten Daten.<\/p>\n<h3>Nicht konkurrierend<\/h3>\n<p><strong>Viele Keylogger versagen<\/strong> um nahtlos mit anderer Software zusammenzuarbeiten, was zu Problemen bei der Tastatureingabe, zur Verlangsamung der Anwendung oder zu Fehlern f\u00fchrt, die Ihren Arbeitsablauf st\u00f6ren. Bei der Entwicklung von Keyturion haben wir darauf geachtet, dass es nicht zu Konflikten mit anderen Windows-Anwendungen kommt.<\/p>\n<p>Diese leistungsstarke Technologie l\u00e4uft reibungslos neben allen bestehenden Programmen und stellt sicher, dass die Tastenanschlagserfassung fortgesetzt wird, w\u00e4hrend der Benutzer mit einer beliebigen Anwendung besch\u00e4ftigt ist.<br \/>\nKeyturion zeigt nicht nur an, welches Programm ge\u00f6ffnet ist, sondern auch genau, was der Benutzer in diesem Programm tut - und liefert so wertvolle Einblicke und verwertbare Daten.<\/p>\n<h3>Ressourcenschonend <a href=\"https:\/\/www.keylogger.pl\/\" target=\"_blank\" rel=\"noopener\">Keylogger<\/a> Motor<\/h3>\n<p>Dieses funktionsreiche Keylogging-Tool ist f\u00fcr minimale Auswirkungen auf die Systemressourcen optimiert. W\u00e4hrend es l\u00e4uft, ist seine Auswirkung auf die Leistung praktisch nicht zu bemerken. Dies ist wichtig, um St\u00f6rungen zu vermeiden und den Keylogger zu verbergen.<\/p>\n<p>Wenn ein neu installiertes Programm den Computer verlangsamt, kann es sein, dass der Benutzer seine Anwesenheit vermutet. Mit Keyturion <strong><a href=\"https:\/\/www.keyturion.com\/de\/free-keylogger-2\/\" target=\"_blank\" rel=\"noopener\">kostenlose Keylogger-Software<\/a><\/strong>wird dieses Risiko minimiert. Dank seiner vernachl\u00e4ssigbaren Auswirkungen auf die Leistung kann es unbemerkt im Hintergrund laufen.<\/p>\n<p>&nbsp;<\/p>","protected":false},"excerpt":{"rendered":"<p>What Makes Keyturion Keylogger Different? Keyturion goes beyond the expectations of robust keylogging software for Windows. Using our proprietary intelligent key monitoring technology, you gain a complete understanding of every keystroke entered on your computer. Keystroke Logger That Maintains Original Formatting Our unique keylogging software for Windows ensures that the original formatting of typed text [&hellip;]<\/p>","protected":false},"author":2,"featured_media":122,"parent":751,"menu_order":0,"comment_status":"closed","ping_status":"closed","template":"page-feature.php","meta":{"footnotes":""},"class_list":["post-753","page","type-page","status-publish","has-post-thumbnail","hentry"],"acf":[],"_links":{"self":[{"href":"https:\/\/www.keyturion.com\/de\/wp-json\/wp\/v2\/pages\/753","targetHints":{"allow":["GET"]}}],"collection":[{"href":"https:\/\/www.keyturion.com\/de\/wp-json\/wp\/v2\/pages"}],"about":[{"href":"https:\/\/www.keyturion.com\/de\/wp-json\/wp\/v2\/types\/page"}],"author":[{"embeddable":true,"href":"https:\/\/www.keyturion.com\/de\/wp-json\/wp\/v2\/users\/2"}],"replies":[{"embeddable":true,"href":"https:\/\/www.keyturion.com\/de\/wp-json\/wp\/v2\/comments?post=753"}],"version-history":[{"count":20,"href":"https:\/\/www.keyturion.com\/de\/wp-json\/wp\/v2\/pages\/753\/revisions"}],"predecessor-version":[{"id":1475,"href":"https:\/\/www.keyturion.com\/de\/wp-json\/wp\/v2\/pages\/753\/revisions\/1475"}],"up":[{"embeddable":true,"href":"https:\/\/www.keyturion.com\/de\/wp-json\/wp\/v2\/pages\/751"}],"wp:featuredmedia":[{"embeddable":true,"href":"https:\/\/www.keyturion.com\/de\/wp-json\/wp\/v2\/media\/122"}],"wp:attachment":[{"href":"https:\/\/www.keyturion.com\/de\/wp-json\/wp\/v2\/media?parent=753"}],"curies":[{"name":"wp","href":"https:\/\/api.w.org\/{rel}","templated":true}]}}