{"id":522,"date":"2019-05-16T11:05:56","date_gmt":"2019-05-16T09:05:56","guid":{"rendered":"https:\/\/keyturion.com\/?page_id=522"},"modified":"2025-08-29T19:41:18","modified_gmt":"2025-08-29T17:41:18","slug":"purchase","status":"publish","type":"page","link":"https:\/\/www.keyturion.com\/de\/kaufen\/","title":{"rendered":"Kaufen Sie"},"content":{"rendered":"<h3 class=\"standard\" style=\"text-align: center;\">Grundlegende Informationen<\/h3>\n<p>-\ufe0e <strong>Die angegebenen Preise sind Einmalzahlungen f\u00fcr den gew\u00e4hlten Zeitraum (1, 3 oder 12 Monate)<\/strong>. Wir berechnen Ihnen keine monatlichen Geb\u00fchren, und es gibt keine automatischen Verl\u00e4ngerungen oder wiederkehrenden Zahlungen. Sie entscheiden, wann und ob Sie Ihr Abonnement verl\u00e4ngern m\u00f6chten - alles liegt in Ihrer Hand!<\/p>\n<p>-\ufe0e <strong>Alle Editionen unserer Keyturion-Produkte, einschlie\u00dflich ihrer Varianten, sind sowohl f\u00fcr Gesch\u00e4fts- als auch f\u00fcr Privatumgebungen geeignet<\/strong>. Die Bezeichnung \"Personal\" bezieht sich auf die Anzahl der Lizenzen, nicht auf Nutzungsbeschr\u00e4nkungen.<\/p>\n<p>-\ufe0e Beim Kauf von 20 oder mehr Ger\u00e4ten ist eine vollst\u00e4ndige Anpassung m\u00f6glich. Zum Beispiel k\u00f6nnen Sie Keyturion PRO f\u00fcr 30 Ger\u00e4te f\u00fcr ein Jahr bestellen, mit einer Datenaufbewahrungszeit von sechs Monaten. Wir erstellen Ihnen daf\u00fcr gerne ein individuelles Angebot. Bitte kontaktieren Sie uns \u00fcber unser <a href=\"https:\/\/www.keyturion.com\/de\/kontakt\/\" target=\"_blank\" rel=\"noopener\">Kontakt Seite<\/a>.<\/p>\n<p>&nbsp;<\/p>\n<h3 style=\"text-align: center;\">Einkauf &amp; Lizenzierung FAQ<\/h3>\n<h4 style=\"font-size: 18px; color: #005cc3;\">Kann ich meine bestehende Lizenz nach einem Wechsel zu einem anderen Ger\u00e4t oder Betriebssystem weiterverwenden?<\/h4>\n<p>Gute Nachrichten! Sie k\u00f6nnen Ihre bestehende Lizenz in dieser Situation einfach \u00fcbertragen. Sie brauchen keine neue Lizenz zu erwerben. Sie k\u00f6nnen Ihre Lizenz w\u00e4hrend der Lizenzdauer so oft wie n\u00f6tig \u00fcbertragen. Mit unserem Admin-Panel k\u00f6nnen Sie dies selbst tun - deinstallieren Sie einfach den Agenten auf dem alten Computer und entfernen Sie ihn aus Ihrem Web-Panel (PRO-Version). So einfach ist das!<\/p>\n<h4 style=\"font-size: 18px; color: #005cc3;\">Kann ich mehr als ein Benutzerkonto auf einem einzigen Windows-Computer \u00fcberwachen?<\/h4>\n<p>Ja! Sie k\u00f6nnen mehrere Systembenutzer in Windows auf einem Computer \u00fcberwachen. Wenn Sie zum Beispiel drei Benutzer auf einem einzigen physischen Computer haben, deckt eine Einzelger\u00e4telizenz alle ab.<\/p>\n<h4 style=\"font-size: 18px; color: #005cc3;\">Unterscheiden sich die Artikel im Einkaufswagen in irgendeiner Weise, abgesehen von der maximalen Anzahl der Ger\u00e4te, auf denen Sie die Software installieren k\u00f6nnen?<\/h4>\n<p>Nein. Alle Versionen f\u00fcr 1, 5 und 10 Ger\u00e4te f\u00fcr PRO (oder 1 und 3 f\u00fcr regul\u00e4r) haben die gleichen M\u00f6glichkeiten. Es gibt eine kleine Ausnahme: Die PRO-Version bietet einen zus\u00e4tzlichen Datenaufbewahrungsparameter f\u00fcr 1-Jahres-Versionen, mit dem Sie einen h\u00f6heren Wert als die Standardoption von einem Monat auf der Kaufseite ausw\u00e4hlen k\u00f6nnen.<\/p>\n<h4 style=\"font-size: 18px; color: #005cc3;\">Was bedeutet der Parameter \"Data Retention period\" auf der Einkaufsseite f\u00fcr die PRO 1-Jahres-Version?<\/h4>\n<p>Der Parameter \"Aufbewahrung\", den Sie im Store von Keyturion PRO sehen, bestimmt, wie lange Ihre eingeloggten Daten auf dem Server gespeichert werden.<\/p>\n<p>Wenn Sie beispielsweise eine 1-Jahres-Lizenz mit einer Aufbewahrungsfrist von 3 Monaten erwerben, sind Ihre Lizenz und Ihr Konto das ganze Jahr \u00fcber g\u00fcltig, aber die Daten werden maximal 3 Monate lang gespeichert. Daten, die \u00e4lter als die Aufbewahrungsfrist sind, werden automatisch gel\u00f6scht.<br \/>\nIm obigen Beispiel haben Sie nach 4 Monaten Nutzung Zugriff auf die Daten der letzten 90 Tage (der fr\u00fcheste Monat wird automatisch gel\u00f6scht).<\/p>","protected":false},"excerpt":{"rendered":"<p>Basic information \u2022\ufe0e The prices shown are one-time payments for the selected period (1, 3 or 12 months). We don\u2019t charge you monthly, and there are no auto-renewals or recurring payments. You decide when and if you want to renew\u2014everything is entirely in your control! \u2022\ufe0e All editions of our Keyturion products, including their variants, [&hellip;]<\/p>","protected":false},"author":2,"featured_media":0,"parent":0,"menu_order":0,"comment_status":"closed","ping_status":"closed","template":"page-koszyk-2024.php","meta":{"footnotes":""},"class_list":["post-522","page","type-page","status-publish","hentry"],"acf":[],"_links":{"self":[{"href":"https:\/\/www.keyturion.com\/de\/wp-json\/wp\/v2\/pages\/522","targetHints":{"allow":["GET"]}}],"collection":[{"href":"https:\/\/www.keyturion.com\/de\/wp-json\/wp\/v2\/pages"}],"about":[{"href":"https:\/\/www.keyturion.com\/de\/wp-json\/wp\/v2\/types\/page"}],"author":[{"embeddable":true,"href":"https:\/\/www.keyturion.com\/de\/wp-json\/wp\/v2\/users\/2"}],"replies":[{"embeddable":true,"href":"https:\/\/www.keyturion.com\/de\/wp-json\/wp\/v2\/comments?post=522"}],"version-history":[{"count":82,"href":"https:\/\/www.keyturion.com\/de\/wp-json\/wp\/v2\/pages\/522\/revisions"}],"predecessor-version":[{"id":1426,"href":"https:\/\/www.keyturion.com\/de\/wp-json\/wp\/v2\/pages\/522\/revisions\/1426"}],"wp:attachment":[{"href":"https:\/\/www.keyturion.com\/de\/wp-json\/wp\/v2\/media?parent=522"}],"curies":[{"name":"wp","href":"https:\/\/api.w.org\/{rel}","templated":true}]}}