{"id":1172,"date":"2024-04-12T12:31:54","date_gmt":"2024-04-12T10:31:54","guid":{"rendered":"https:\/\/keyturion.com\/?page_id=1172"},"modified":"2025-09-29T14:51:40","modified_gmt":"2025-09-29T12:51:40","slug":"download-free-keylogger","status":"publish","type":"page","link":"https:\/\/www.keyturion.com\/de\/kostenlosen-keylogger-herunterladen\/","title":{"rendered":"Keylogger kostenlos herunterladen"},"content":{"rendered":"<p style=\"text-align: center;\"><strong>Keyturion Kostenloser Keylogger<\/strong> ist eine kostenlose Ausgabe der kommerziellen Version mit geringf\u00fcgigen Einschr\u00e4nkungen:<br \/>\nIm Vergleich zur kommerziellen Version fehlt die Option des vollst\u00e4ndigen Versteckens und des Versendens per E-Mail, alle anderen Funktionen sind identisch mit denen der kostenpflichtigen Version!<br \/>\nDie Software ist 100% sicher und sendet keine Daten an uns! Keine Adware oder Tracking-Statistiken. 100% sauber.<br \/>\n<s><strong>Bitte geben Sie unten Ihre E-Mail-Adresse ein, an die Sie Ihre kostenlose Lizenz und einen Link zum Herunterladen der Software senden werden.<\/strong><\/s><\/p>\n<h3 style=\"text-align: center; background-color: #f0ffea;\">Ab dem 29. September 2025 werden wir die kostenlose Version nicht mehr anbieten. Wir wollen uns auf unsere treuen Kunden konzentrieren, die ihr Vertrauen in uns gesetzt haben. Die Konzentration auf kostenpflichtige Abonnements, die ein gr\u00f6\u00dferes Engagement f\u00fcr Entwicklung und Support erfordern, ist jetzt unsere Priorit\u00e4t.<br \/>\nWir ermutigen Sie, die kostenlose Testversion unseres Hauptprodukts auszuprobieren. <a href=\"https:\/\/www.keyturion.com\/de\/demo\/\" target=\"_blank\" rel=\"noopener\">Keyturion PRO.<\/a><\/h3>\n<p>&nbsp;<\/p>\n<p style=\"text-align: center;\">Ihre E-Mail-Adresse wird nur einmal verwendet, um Ihre individuelle Lizenz zu erstellen. Wir werden Ihre Adresse f\u00fcr keinen anderen Zweck verwenden und Ihnen auch keine Angebote schicken, da wir Spam genauso wenig m\u00f6gen wie Sie.<\/p>\n<p style=\"text-align: center;\">\n<style>\n    .faq-section h2 {<br \/>        color: #333;<br \/>        font-size: 24px;<br \/>        margin-bottom: 20px;<br \/>    }<\/p>\n<p>    .faq-section h3 {<br \/>        color: #0073aa;<br \/>        font-size: 18px;<br \/>        cursor: pointer;<br \/>        margin-top: 10px;<br \/>    }<\/p>\n<p>    .faq-section p {<br \/>        font-size: 14px;<br \/>        color: #666;<br \/>        margin-top: 5px;<br \/>    }<br \/><\/style>\n<\/p>\n<div class=\"faq-section\">\n<h2 style=\"text-align: center;\">Free Keylogger FAQ - H\u00e4ufig gestellte Fragen<\/h2>\n<h3 style=\"text-align: center;\">1. Ist das Programm wirklich kostenlos?<\/h3>\n<p style=\"text-align: center;\">Ja, es ist eine v\u00f6llig kostenlose Software. Wir senden Ihnen eine kostenlose Lizenz f\u00fcr ein Jahr an die angegebene E-Mail-Adresse. Nach Ablauf dieser Frist m\u00fcssen Sie die Lizenz einfach erneut beantragen (auf dieser Seite), um sie an dieselbe oder eine andere E-Mail-Adresse zu erhalten.<\/p>\n<h3 style=\"text-align: center;\">2. Kann ich es in meinem Unternehmen installieren?<\/h3>\n<p style=\"text-align: center;\">Ja, die kostenlose Version hat keine Einschr\u00e4nkungen. Sie kann sowohl von Einzelanwendern als auch von Unternehmen auf einer unbegrenzten Anzahl von Computern kostenlos genutzt werden.<\/p>\n<h3 style=\"text-align: center;\">3. Enth\u00e4lt das Programm irgendwelche versteckten Funktionen?<\/h3>\n<p style=\"text-align: center;\">Nein, unser Freemium-Modell ist v\u00f6llig transparent und sicher. Das Programm sendet uns keine statistischen Daten oder \u00e4hnliches, alles was es protokolliert, bleibt auf Ihrem Computer. Es ist jedoch wichtig, daran zu denken, dass \u00dcberwachungsprogramme wie Keylogger oft von Antivirenprogrammen erfasst werden, so dass eine falsche Erkennung des Programms als Bedrohung leider m\u00f6glich ist. Wenn Sie auf ein solches Problem sto\u00dfen, nutzen Sie bitte die Ausnahmen\/Ausschlussfunktion in Ihrem AV-Programm.<\/p>\n<\/div>\n<h3><\/h3>\n<h2 style=\"text-align: center;\">Unterst\u00fctzte Betriebssysteme:<\/h2>\n<p style=\"text-align: center;\">Windows 11, Windows 10,<br \/>\nWindows 8.1, Windows 7, Windows Vista<\/p>","protected":false},"excerpt":{"rendered":"<p>Keyturion Free Keylogger ist eine kostenlose Ausgabe der kommerziellen Version mit kleinen Einschr\u00e4nkungen: Im Vergleich zur kommerziellen Version fehlt die Option des vollst\u00e4ndigen Versteckens und des Versendens per E-Mail, alle anderen Funktionalit\u00e4ten sind identisch mit denen der kostenpflichtigen Version! Die Software ist 100% sicher und sendet keine Daten an uns! Keine Adware [...]<\/p>","protected":false},"author":2,"featured_media":0,"parent":0,"menu_order":0,"comment_status":"closed","ping_status":"closed","template":"","meta":{"footnotes":""},"class_list":["post-1172","page","type-page","status-publish","hentry"],"acf":[],"_links":{"self":[{"href":"https:\/\/www.keyturion.com\/de\/wp-json\/wp\/v2\/pages\/1172","targetHints":{"allow":["GET"]}}],"collection":[{"href":"https:\/\/www.keyturion.com\/de\/wp-json\/wp\/v2\/pages"}],"about":[{"href":"https:\/\/www.keyturion.com\/de\/wp-json\/wp\/v2\/types\/page"}],"author":[{"embeddable":true,"href":"https:\/\/www.keyturion.com\/de\/wp-json\/wp\/v2\/users\/2"}],"replies":[{"embeddable":true,"href":"https:\/\/www.keyturion.com\/de\/wp-json\/wp\/v2\/comments?post=1172"}],"version-history":[{"count":33,"href":"https:\/\/www.keyturion.com\/de\/wp-json\/wp\/v2\/pages\/1172\/revisions"}],"predecessor-version":[{"id":1438,"href":"https:\/\/www.keyturion.com\/de\/wp-json\/wp\/v2\/pages\/1172\/revisions\/1438"}],"wp:attachment":[{"href":"https:\/\/www.keyturion.com\/de\/wp-json\/wp\/v2\/media?parent=1172"}],"curies":[{"name":"wp","href":"https:\/\/api.w.org\/{rel}","templated":true}]}}