{"id":767,"date":"2021-03-09T18:22:04","date_gmt":"2021-03-09T17:22:04","guid":{"rendered":"https:\/\/keyturion.com\/?page_id=767"},"modified":"2025-12-08T10:21:14","modified_gmt":"2025-12-08T09:21:14","slug":"printed-document-tracking","status":"publish","type":"page","link":"https:\/\/www.keyturion.com\/cs\/funkce\/sledovani-vytistenych-dokumentu-2\/","title":{"rendered":"Sledov\u00e1n\u00ed ti\u0161t\u011bn\u00fdch dokument\u016f"},"content":{"rendered":"<h2>Sledov\u00e1n\u00ed \u010dinnosti tisk\u00e1rny | Sledov\u00e1n\u00ed a zaznamen\u00e1v\u00e1n\u00ed v\u0161ech vyti\u0161t\u011bn\u00fdch dokument\u016f<\/h2>\n<p>Jednou z hlavn\u00edch funkc\u00ed, kter\u00e1 v mnoha <a href=\"https:\/\/www.keyturion.com\/cs\/monitorovani-pocitace\/\" target=\"_blank\" rel=\"noopener\">n\u00e1stroje pro monitorov\u00e1n\u00ed po\u010d\u00edta\u010de<\/a> je mo\u017enost komplexn\u011b sledovat a evidovat v\u0161echny ti\u0161t\u011bn\u00e9 materi\u00e1ly.<br \/>\nSamotn\u00e9 sledov\u00e1n\u00ed p\u0159es USB nesta\u010d\u00ed - citliv\u00e1 data mohou stejn\u011b snadno opustit zabezpe\u010den\u00fd syst\u00e9m prost\u0159ednictv\u00edm tisk\u00e1rny.<br \/>\nKeyturion tuto mezeru v zabezpe\u010den\u00ed odstra\u0148uje t\u00edm, \u017ee vytv\u00e1\u0159\u00ed \u00fapln\u00fd protokol s \u010dasov\u00fdm \u00fadajem p\u0159i ka\u017ed\u00e9m pokusu u\u017eivatele o tisk ze sledovan\u00e9ho po\u010d\u00edta\u010de se syst\u00e9mem Windows.<\/p>\n<p>Ka\u017ed\u00fd po\u017eadavek na tisk je pe\u010dliv\u011b zaznamen\u00e1n v zabezpe\u010den\u00e9 datab\u00e1zi, co\u017e v\u00e1m umo\u017e\u0148uje kontrolovat, filtrovat a analyzovat tiskovou aktivitu, kdykoli je to nutn\u00e9.<br \/>\nD\u00edky tomu je Keyturion neocenitelnou pom\u016fckou <a href=\"https:\/\/www.keyturion.com\/cs\/\" target=\"_blank\" rel=\"noopener\">softwarov\u00e9 \u0159e\u0161en\u00ed pro monitorov\u00e1n\u00ed<\/a> pro dodr\u017eov\u00e1n\u00ed p\u0159edpis\u016f o ochran\u011b osobn\u00edch \u00fadaj\u016f, absolvov\u00e1n\u00ed bezpe\u010dnostn\u00edch audit\u016f a ochranu d\u016fv\u011brn\u00fdch informac\u00ed v odv\u011btv\u00edch, kde je bezpe\u010dnost dat kritick\u00e1.<\/p>\n<h2><strong>Zachycen\u00ed v\u0161ech po\u017eadavk\u016f na tisk<\/strong><\/h2>\n<p>Kdykoli sledovan\u00fd po\u010d\u00edta\u010d ode\u0161le p\u0159\u00edkaz k tisku, Keyturion p\u0159esn\u011b zaznamen\u00e1, co a kdy bylo vyti\u0161t\u011bno.<br \/>\nZ\u00edsk\u00e1te tak dv\u011b z\u00e1sadn\u00ed informace, kter\u00e9 v\u00e1m pomohou sledovat a kontrolovat fyzick\u00e9 \u00faniky dat.<br \/>\nPostupem \u010dasu budete m\u00edt k dispozici kompletn\u00ed z\u00e1znam o v\u0161ech po\u017eadavc\u00edch na tisk, kter\u00e9 zadal jak\u00fdkoli u\u017eivatel, s mo\u017enost\u00ed vyhled\u00e1v\u00e1n\u00ed - budete tak m\u00edt pln\u00fd dohled nad potenci\u00e1ln\u011b citliv\u00fdmi materi\u00e1ly, kter\u00e9 opou\u0161t\u011bj\u00ed va\u0161i organizaci v pap\u00edrov\u00e9 podob\u011b.<\/p>\n<h2><strong>Podrobn\u00e9 protokolov\u00e1n\u00ed tisku pro maxim\u00e1ln\u00ed zabezpe\u010den\u00ed<\/strong><\/h2>\n<p>Sledov\u00e1n\u00ed tisku v syst\u00e9mu Keyturion zdaleka p\u0159esahuje pouh\u00e9 zaznamen\u00e1v\u00e1n\u00ed n\u00e1zvu souboru a \u010dasov\u00e9ho raz\u00edtka.<br \/>\nKa\u017ed\u00e1 tiskov\u00e1 \u00faloha je zaznamen\u00e1na s podrobn\u00fdmi informacemi, v\u010detn\u011b:<\/p>\n<ul>\n<li>Datum a \u010das tisku<\/li>\n<li>Pou\u017eit\u00e1 tisk\u00e1rna<\/li>\n<li>N\u00e1zev dokumentu\/souboru<\/li>\n<li>U\u017eivatelsk\u00e9 jm\u00e9no osoby, kter\u00e1 tiskla<\/li>\n<li>Po\u010det vyti\u0161t\u011bn\u00fdch kopi\u00ed<\/li>\n<li>Konkr\u00e9tn\u00ed vyti\u0161t\u011bn\u00e9 str\u00e1nky<\/li>\n<\/ul>\n<p>Tato \u00farove\u0148 detail\u016f v\u00e1m d\u00e1v\u00e1 \u00faplnou kontrolu nad tiskov\u00fdmi aktivitami.<br \/>\nPokud se nap\u0159\u00edklad d\u016fv\u011brn\u00e9 informace o klientovi objev\u00ed mimo va\u0161i organizaci, m\u016f\u017eete p\u0159esn\u011b ur\u010dit u\u017eivatele, kter\u00fd je vytiskl, kdy se tak stalo, kolik kopi\u00ed vytvo\u0159il a o kter\u00e9 str\u00e1nky se jednalo.<br \/>\nS t\u011bmito \u00fadaji m\u016f\u017eete rychle jednat, abyste zabr\u00e1nili naru\u0161en\u00ed, ochr\u00e1nili sv\u00e9 klienty a zajistili dobrou pov\u011bst sv\u00e9 firmy.<\/p>\n<p>&nbsp;<\/p>","protected":false},"excerpt":{"rendered":"<p>Printer Activity Monitoring | Track and Log All Printed Documents One major feature missing in many computer monitoring tools is the ability to comprehensively track and log all printed materials. USB tracking alone is not enough \u2014 sensitive data can just as easily leave a secure system via a printer. Keyturion closes this security gap [&hellip;]<\/p>","protected":false},"author":2,"featured_media":570,"parent":751,"menu_order":0,"comment_status":"closed","ping_status":"closed","template":"page-feature.php","meta":{"footnotes":""},"class_list":["post-767","page","type-page","status-publish","has-post-thumbnail","hentry"],"acf":[],"_links":{"self":[{"href":"https:\/\/www.keyturion.com\/cs\/wp-json\/wp\/v2\/pages\/767","targetHints":{"allow":["GET"]}}],"collection":[{"href":"https:\/\/www.keyturion.com\/cs\/wp-json\/wp\/v2\/pages"}],"about":[{"href":"https:\/\/www.keyturion.com\/cs\/wp-json\/wp\/v2\/types\/page"}],"author":[{"embeddable":true,"href":"https:\/\/www.keyturion.com\/cs\/wp-json\/wp\/v2\/users\/2"}],"replies":[{"embeddable":true,"href":"https:\/\/www.keyturion.com\/cs\/wp-json\/wp\/v2\/comments?post=767"}],"version-history":[{"count":11,"href":"https:\/\/www.keyturion.com\/cs\/wp-json\/wp\/v2\/pages\/767\/revisions"}],"predecessor-version":[{"id":1476,"href":"https:\/\/www.keyturion.com\/cs\/wp-json\/wp\/v2\/pages\/767\/revisions\/1476"}],"up":[{"embeddable":true,"href":"https:\/\/www.keyturion.com\/cs\/wp-json\/wp\/v2\/pages\/751"}],"wp:featuredmedia":[{"embeddable":true,"href":"https:\/\/www.keyturion.com\/cs\/wp-json\/wp\/v2\/media\/570"}],"wp:attachment":[{"href":"https:\/\/www.keyturion.com\/cs\/wp-json\/wp\/v2\/media?parent=767"}],"curies":[{"name":"wp","href":"https:\/\/api.w.org\/{rel}","templated":true}]}}