{"id":763,"date":"2021-03-09T18:20:13","date_gmt":"2021-03-09T17:20:13","guid":{"rendered":"https:\/\/keyturion.com\/?page_id=763"},"modified":"2025-12-08T10:14:04","modified_gmt":"2025-12-08T09:14:04","slug":"applications-time-tracking","status":"publish","type":"page","link":"https:\/\/www.keyturion.com\/cs\/funkce\/aplikace-pro-sledovani-casu\/","title":{"rendered":"Sledov\u00e1n\u00ed \u010dasu aplikac\u00ed"},"content":{"rendered":"<p>Keyturion <a href=\"https:\/\/www.keyturion.com\/cs\/pro\/\" target=\"_blank\" rel=\"noopener\">monitorovac\u00ed software pro Windows<\/a> je pokro\u010dil\u00e9 \u0159e\u0161en\u00ed, kter\u00e9 umo\u017e\u0148uje <strong>podrobn\u011b sledovat pou\u017e\u00edv\u00e1n\u00ed aplikac\u00ed<\/strong>. Ukazuje, kdy p\u0159esn\u011b u\u017eivatel program spust\u00ed a jak dlouho jej aktivn\u011b pou\u017e\u00edv\u00e1.<br \/>\nTo m\u00e1 z\u00e1sadn\u00ed v\u00fdznam pro pochopen\u00ed vzorc\u016f produktivity - zejm\u00e9na v podnikatelsk\u00e9m prost\u0159ed\u00ed, kde \u010das p\u0159\u00edmo ovliv\u0148uje v\u00fdsledky. Pokud zam\u011bstnanec str\u00e1v\u00ed neobvykl\u00e9 mno\u017estv\u00ed \u010dasu v ur\u010dit\u00e9 aplikaci, ani\u017e by dos\u00e1hl o\u010dek\u00e1van\u00fdch v\u00fdsledk\u016f, Keyturion v\u00e1m umo\u017en\u00ed zjistit, pro\u010d tomu tak je.<\/p>\n<h2><strong>P\u0159esn\u00e9 sledov\u00e1n\u00ed a t\u0159\u00edd\u011bn\u00ed doby trv\u00e1n\u00ed<\/strong><\/h2>\n<p>Jednou z nejv\u00fdkonn\u011bj\u0161\u00edch funkc\u00ed syst\u00e9mu Keyturion je mo\u017enost <strong>sledovat, jak dlouho se jednotliv\u00e9 aplikace pou\u017e\u00edvaj\u00ed.<\/strong> v opera\u010dn\u00edm syst\u00e9mu Windows.<br \/>\nJako plnohodnotn\u00fd <a href=\"https:\/\/www.keyturion.com\/cs\/software-pro-monitorovani-zamestnancu\/\" target=\"_blank\" rel=\"noopener\">software pro monitorov\u00e1n\u00ed zam\u011bstnanc\u016f<\/a>, n\u00e1stroj rodi\u010dovsk\u00e9 kontroly a diskr\u00e9tn\u00ed syst\u00e9m sledov\u00e1n\u00ed po\u010d\u00edta\u010de, zaznamen\u00e1v\u00e1 ka\u017ed\u00fd spu\u0161t\u011bn\u00fd program spolu s p\u0159esnou dobou jeho pou\u017e\u00edv\u00e1n\u00ed.<\/p>\n<p>M\u016f\u017eete porovn\u00e1vat denn\u00ed p\u0159\u00edd\u011bl \u010dasu ve v\u00edce aplikac\u00edch, zjistit neobvykl\u00e9 chov\u00e1n\u00ed a zjistit, zda se ur\u010dit\u00fd software st\u00e1v\u00e1 \"\u017eroutem \u010dasu\".<br \/>\nZ hlediska produktivity pom\u00e1haj\u00ed tyto poznatky mana\u017eer\u016fm identifikovat neefektivitu, optimalizovat pracovn\u00ed postupy a zlep\u0161it v\u00fdkonnost t\u00fdmu.<\/p>\n<p>Funkce pokro\u010dil\u00fdch statistik umo\u017e\u0148uje hlub\u0161\u00ed ponor - zobrazuje nejen celkov\u00fd \u010das str\u00e1ven\u00fd v programu, ale tak\u00e9 \u010das, kter\u00fd str\u00e1v\u00edte v programu. <strong>pom\u011br aktivn\u00ed doby a doby ne\u010dinnosti<\/strong>. V aplikaci Keyturion Pro m\u016f\u017eete tyto metriky porovn\u00e1vat mezi r\u016fzn\u00fdmi u\u017eivateli, co\u017e v\u00e1m poskytne kompletn\u00ed p\u0159ehled o v\u00fdkonnosti cel\u00e9 organizace.<\/p>\n<h2><strong>Vlastn\u00ed v\u00fdstrahy a monitorov\u00e1n\u00ed aplikac\u00ed<\/strong><\/h2>\n<p>S n\u00e1strojem Keyturion m\u016f\u017eete nakonfigurovat <strong>upozorn\u011bn\u00ed v re\u00e1ln\u00e9m \u010dase<\/strong> pro konkr\u00e9tn\u00ed pou\u017eit\u00ed. Kdykoli je spu\u0161t\u011bn sledovan\u00fd program, software v\u00e1m m\u016f\u017ee okam\u017eit\u011b zaslat e-mailov\u00e9 upozorn\u011bn\u00ed a automaticky za\u010d\u00edt po\u0159izovat sn\u00edmky obrazovky u\u017eivatelsk\u00e9 aktivity.<\/p>\n<p>To je ide\u00e1ln\u00ed pro sledov\u00e1n\u00ed citliv\u00e9ho nebo potenci\u00e1ln\u011b zneu\u017eiteln\u00e9ho softwaru. V okam\u017eiku otev\u0159en\u00ed ozna\u010den\u00e9 aplikace za\u010dne Keyturion p\u0159esn\u011b dokumentovat, co u\u017eivatel d\u011bl\u00e1, a poskytne v\u00e1m tak okam\u017eit\u00e9 informace, kter\u00e9 lze vyu\u017e\u00edt.<br \/>\nA\u0165 u\u017e jde o firemn\u00ed zabezpe\u010den\u00ed, dodr\u017eov\u00e1n\u00ed p\u0159edpis\u016f nebo kontrolu produktivity, tento syst\u00e9m upozorn\u011bn\u00ed v\u00e1m zajist\u00ed, \u017ee budete v\u017edy o krok nap\u0159ed.<\/p>","protected":false},"excerpt":{"rendered":"<p>Keyturion monitoring software for Windows is an advanced solution that lets you track application usage in detail. It shows exactly when a user launches a program and how long they actively use it. This is critical for understanding productivity patterns \u2014 especially in business environments where time directly impacts results. If an employee spends an [&hellip;]<\/p>","protected":false},"author":2,"featured_media":128,"parent":751,"menu_order":0,"comment_status":"closed","ping_status":"closed","template":"page-feature.php","meta":{"footnotes":""},"class_list":["post-763","page","type-page","status-publish","has-post-thumbnail","hentry"],"acf":[],"_links":{"self":[{"href":"https:\/\/www.keyturion.com\/cs\/wp-json\/wp\/v2\/pages\/763","targetHints":{"allow":["GET"]}}],"collection":[{"href":"https:\/\/www.keyturion.com\/cs\/wp-json\/wp\/v2\/pages"}],"about":[{"href":"https:\/\/www.keyturion.com\/cs\/wp-json\/wp\/v2\/types\/page"}],"author":[{"embeddable":true,"href":"https:\/\/www.keyturion.com\/cs\/wp-json\/wp\/v2\/users\/2"}],"replies":[{"embeddable":true,"href":"https:\/\/www.keyturion.com\/cs\/wp-json\/wp\/v2\/comments?post=763"}],"version-history":[{"count":15,"href":"https:\/\/www.keyturion.com\/cs\/wp-json\/wp\/v2\/pages\/763\/revisions"}],"predecessor-version":[{"id":1472,"href":"https:\/\/www.keyturion.com\/cs\/wp-json\/wp\/v2\/pages\/763\/revisions\/1472"}],"up":[{"embeddable":true,"href":"https:\/\/www.keyturion.com\/cs\/wp-json\/wp\/v2\/pages\/751"}],"wp:featuredmedia":[{"embeddable":true,"href":"https:\/\/www.keyturion.com\/cs\/wp-json\/wp\/v2\/media\/128"}],"wp:attachment":[{"href":"https:\/\/www.keyturion.com\/cs\/wp-json\/wp\/v2\/media?parent=763"}],"curies":[{"name":"wp","href":"https:\/\/api.w.org\/{rel}","templated":true}]}}