{"id":761,"date":"2021-03-09T18:19:28","date_gmt":"2021-03-09T17:19:28","guid":{"rendered":"https:\/\/keyturion.com\/?page_id=761"},"modified":"2025-12-08T10:23:55","modified_gmt":"2025-12-08T09:23:55","slug":"visited-websites-monitoring","status":"publish","type":"page","link":"https:\/\/www.keyturion.com\/cs\/funkce\/visited-websites-monitoring\/","title":{"rendered":"Sledov\u00e1n\u00ed nav\u0161t\u00edven\u00fdch webov\u00fdch str\u00e1nek"},"content":{"rendered":"<h2>Historie proch\u00e1zen\u00ed<\/h2>\n<p>Monitorov\u00e1n\u00ed pou\u017e\u00edv\u00e1n\u00ed webu je kl\u00ed\u010dov\u00fdm prvkem modern\u00edch <a href=\"https:\/\/www.keyturion.com\/cs\/\" target=\"_blank\" rel=\"noopener\">software pro monitorov\u00e1n\u00ed po\u010d\u00edta\u010de<\/a>. Keyturion sleduje ka\u017edou nav\u0161t\u00edvenou webovou str\u00e1nku bez ohledu na to, jak\u00fdm zp\u016fsobem k n\u00ed bylo p\u0159istupov\u00e1no - obch\u00e1z\u00ed proxy servery, soukrom\u00fd re\u017eim, zkratky nebo kliknut\u00ed do historie prohl\u00ed\u017ee\u010de.<\/p>\n<h2>Sledov\u00e1n\u00ed nav\u0161t\u00edven\u00fdch webov\u00fdch str\u00e1nek v soukrom\u00e9m re\u017eimu<\/h2>\n<p>V\u011bt\u0161ina prohl\u00ed\u017ee\u010d\u016f nab\u00edz\u00ed \"soukrom\u00fd re\u017eim\", kter\u00fd skr\u00fdv\u00e1 nav\u0161t\u00edven\u00e9 str\u00e1nky, historii vyhled\u00e1v\u00e1n\u00ed a soubory cookie. Keyturion toto omezen\u00ed p\u0159ekon\u00e1v\u00e1 a zaznamen\u00e1v\u00e1 adresy URL i v soukrom\u00e9m re\u017eimu nebo v re\u017eimu inkognito, tak\u017ee vid\u00edte ve\u0161kerou aktivitu, i kdy\u017e se u\u017eivatel\u00e9 sna\u017e\u00ed zam\u00e9st stopy.<\/p>\n<h2>Sledov\u00e1n\u00ed adres URL<\/h2>\n<p>Keyturion zaznamen\u00e1v\u00e1 nav\u0161t\u00edven\u00e9 adresy URL bez ohledu na to, zda byly zad\u00e1ny ru\u010dn\u011b, otev\u0159eny ze z\u00e1lo\u017eek nebo spu\u0161t\u011bny pomoc\u00ed z\u00e1stupc\u016f. T\u00edm se eliminuj\u00ed v\u0161echny mezery pro p\u0159\u00edstup k neautorizovan\u00fdm webov\u00fdm str\u00e1nk\u00e1m, v\u010detn\u011b n\u00e1v\u0161t\u011bv iniciovan\u00fdch z automatick\u00e9ho dokon\u010dov\u00e1n\u00ed.<\/p>\n<h2>Upozorn\u011bn\u00ed spou\u0161t\u011bn\u00e1 webov\u00fdmi str\u00e1nkami<\/h2>\n<p>Nastavte si upozorn\u011bn\u00ed na konkr\u00e9tn\u00ed webov\u00e9 str\u00e1nky nebo adresy URL, kter\u00e9 chcete blokovat nebo sledovat. Dost\u00e1vejte okam\u017eit\u00e1 e-mailov\u00e1 upozorn\u011bn\u00ed nebo spou\u0161t\u011bjte automatick\u00e9 sn\u00edmky obrazovky v okam\u017eiku, kdy dojde k poru\u0161en\u00ed pravidla. To je u\u017eite\u010dn\u00e9 pro firmy, kter\u00e9 prosazuj\u00ed z\u00e1sady p\u0159ijateln\u00e9ho pou\u017e\u00edv\u00e1n\u00ed, a pro rodi\u010de, kte\u0159\u00ed zaji\u0161\u0165uj\u00ed, aby se d\u011bti vyh\u00fdbaly nevhodn\u00fdm str\u00e1nk\u00e1m.<\/p>","protected":false},"excerpt":{"rendered":"<p>Browsing History Monitoring web usage is a key feature of modern computer monitoring software. Keyturion tracks every website visited, regardless of how it was accessed \u2014 bypassing proxies, private mode, shortcuts, or browser history clicks. Visited Website Tracking in Private Mode Most browsers offer \u201cPrivate Mode\u201d to hide visited sites, search history, and cookies. Keyturion [&hellip;]<\/p>","protected":false},"author":2,"featured_media":127,"parent":751,"menu_order":0,"comment_status":"closed","ping_status":"closed","template":"page-feature.php","meta":{"footnotes":""},"class_list":["post-761","page","type-page","status-publish","has-post-thumbnail","hentry"],"acf":[],"_links":{"self":[{"href":"https:\/\/www.keyturion.com\/cs\/wp-json\/wp\/v2\/pages\/761","targetHints":{"allow":["GET"]}}],"collection":[{"href":"https:\/\/www.keyturion.com\/cs\/wp-json\/wp\/v2\/pages"}],"about":[{"href":"https:\/\/www.keyturion.com\/cs\/wp-json\/wp\/v2\/types\/page"}],"author":[{"embeddable":true,"href":"https:\/\/www.keyturion.com\/cs\/wp-json\/wp\/v2\/users\/2"}],"replies":[{"embeddable":true,"href":"https:\/\/www.keyturion.com\/cs\/wp-json\/wp\/v2\/comments?post=761"}],"version-history":[{"count":13,"href":"https:\/\/www.keyturion.com\/cs\/wp-json\/wp\/v2\/pages\/761\/revisions"}],"predecessor-version":[{"id":1478,"href":"https:\/\/www.keyturion.com\/cs\/wp-json\/wp\/v2\/pages\/761\/revisions\/1478"}],"up":[{"embeddable":true,"href":"https:\/\/www.keyturion.com\/cs\/wp-json\/wp\/v2\/pages\/751"}],"wp:featuredmedia":[{"embeddable":true,"href":"https:\/\/www.keyturion.com\/cs\/wp-json\/wp\/v2\/media\/127"}],"wp:attachment":[{"href":"https:\/\/www.keyturion.com\/cs\/wp-json\/wp\/v2\/media?parent=761"}],"curies":[{"name":"wp","href":"https:\/\/api.w.org\/{rel}","templated":true}]}}