{"id":759,"date":"2021-03-09T18:18:36","date_gmt":"2021-03-09T17:18:36","guid":{"rendered":"https:\/\/keyturion.com\/?page_id=759"},"modified":"2025-12-08T10:15:08","modified_gmt":"2025-12-08T09:15:08","slug":"clipboard-monitoring","status":"publish","type":"page","link":"https:\/\/www.keyturion.com\/cs\/funkce\/sledovani-schranky\/","title":{"rendered":"Monitorov\u00e1n\u00ed schr\u00e1nky"},"content":{"rendered":"<h2>Sledov\u00e1n\u00ed kop\u00edrov\u00e1n\u00ed a vkl\u00e1d\u00e1n\u00ed obsahu<\/h2>\n<p>Z\u00e1sadn\u00ed <a href=\"https:\/\/www.keyturion.com\/cs\/pro\/\" target=\"_blank\" rel=\"noopener\">funkce monitorov\u00e1n\u00ed po\u010d\u00edta\u010de pro syst\u00e9m Windows<\/a> je mo\u017enost vid\u011bt, co u\u017eivatel zkop\u00edroval, vlo\u017eil nebo vyst\u0159ihl. Keyturion sleduje v\u0161echny operace se schr\u00e1nkou, tak\u017ee je neoceniteln\u00fd v prost\u0159ed\u00edch, kde je kop\u00edrov\u00e1n\u00ed citliv\u00fdch dat zak\u00e1z\u00e1no.<br \/>\nJe to tak\u00e9 v\u00fdkonn\u00fd n\u00e1stroj pro zv\u00fd\u0161en\u00ed produktivity - m\u016f\u017eete se pod\u00edvat zp\u011bt do historie schr\u00e1nky z p\u0159edchoz\u00edch dn\u016f a obnovit d\u016fle\u017eit\u00fd text, \u00fatr\u017eky k\u00f3du nebo jin\u00e9 informace, kter\u00e9 jste d\u0159\u00edve zkop\u00edrovali.<\/p>\n<h2>Solidn\u00ed software pro monitorov\u00e1n\u00ed schr\u00e1nky pro Windows<\/h2>\n<p>Keyturion zachov\u00e1v\u00e1 p\u016fvodn\u00ed form\u00e1tov\u00e1n\u00ed polo\u017eek schr\u00e1nky, tak\u017ee m\u00e1te jasn\u00fd a p\u0159esn\u00fd p\u0159ehled o tom, co bylo zkop\u00edrov\u00e1no. Form\u00e1tov\u00e1n\u00ed m\u016f\u017ee odhalit z\u00e1m\u011br u\u017eivatele a poskytnout hlub\u0161\u00ed kontext jeho akc\u00ed.<\/p>\n<h2>Upozorn\u011bn\u00ed na schr\u00e1nku<\/h2>\n<p>Konfigurace v\u00fdstrah, kter\u00e9 se spust\u00ed p\u0159i ur\u010dit\u00e9 aktivit\u011b schr\u00e1nky. Nap\u0159\u00edklad pokud zam\u011bstnanci zkop\u00edruj\u00ed soukrom\u00e9 kl\u00ed\u010de nebo zak\u00e1zan\u00e9 informace, budete okam\u017eit\u011b upozorn\u011bni. V\u00fdstrahy lze p\u0159izp\u016fsobit tak, aby ud\u00e1lost vyvolal pouze ur\u010dit\u00fd obsah schr\u00e1nky, co\u017e v\u00e1m pom\u016f\u017ee zastavit neopr\u00e1vn\u011bn\u00e9 akce hned, jak k nim dojde.<\/p>\n<h2>T\u0159\u00edd\u011bn\u00ed dat schr\u00e1nky<\/h2>\n<p>Pokud schr\u00e1nku pou\u017e\u00edv\u00e1te \u010dasto, Keyturion v\u00e1m ji pom\u016f\u017ee efektivn\u011b spravovat. V\u0161echna zachycen\u00e1 data lze pozd\u011bji zkontrolovat v podrobn\u00e9 zpr\u00e1v\u011b, kter\u00e1 zobrazuje datum, \u010das, spou\u0161t\u011b\u010d a kop\u00edrovan\u00fd obsah. D\u00edky tomu lze snadno sledovat v\u00edce u\u017eivatel\u016f, ani\u017e by byli zahlceni neust\u00e1l\u00fdmi ozn\u00e1men\u00edmi.<\/p>","protected":false},"excerpt":{"rendered":"<p>Tracking Copy-Paste Content An essential computer monitoring feature for Windows is the ability to see what has been copied, pasted, or cut by the user. Keyturion tracks all clipboard operations, making it invaluable in environments where copying sensitive data is forbidden. It\u2019s also a powerful productivity tool \u2014 you can look back at clipboard history [&hellip;]<\/p>","protected":false},"author":2,"featured_media":124,"parent":751,"menu_order":0,"comment_status":"closed","ping_status":"closed","template":"page-feature.php","meta":{"footnotes":""},"class_list":["post-759","page","type-page","status-publish","has-post-thumbnail","hentry"],"acf":[],"_links":{"self":[{"href":"https:\/\/www.keyturion.com\/cs\/wp-json\/wp\/v2\/pages\/759","targetHints":{"allow":["GET"]}}],"collection":[{"href":"https:\/\/www.keyturion.com\/cs\/wp-json\/wp\/v2\/pages"}],"about":[{"href":"https:\/\/www.keyturion.com\/cs\/wp-json\/wp\/v2\/types\/page"}],"author":[{"embeddable":true,"href":"https:\/\/www.keyturion.com\/cs\/wp-json\/wp\/v2\/users\/2"}],"replies":[{"embeddable":true,"href":"https:\/\/www.keyturion.com\/cs\/wp-json\/wp\/v2\/comments?post=759"}],"version-history":[{"count":15,"href":"https:\/\/www.keyturion.com\/cs\/wp-json\/wp\/v2\/pages\/759\/revisions"}],"predecessor-version":[{"id":1473,"href":"https:\/\/www.keyturion.com\/cs\/wp-json\/wp\/v2\/pages\/759\/revisions\/1473"}],"up":[{"embeddable":true,"href":"https:\/\/www.keyturion.com\/cs\/wp-json\/wp\/v2\/pages\/751"}],"wp:featuredmedia":[{"embeddable":true,"href":"https:\/\/www.keyturion.com\/cs\/wp-json\/wp\/v2\/media\/124"}],"wp:attachment":[{"href":"https:\/\/www.keyturion.com\/cs\/wp-json\/wp\/v2\/media?parent=759"}],"curies":[{"name":"wp","href":"https:\/\/api.w.org\/{rel}","templated":true}]}}