{"id":757,"date":"2021-03-09T18:17:14","date_gmt":"2021-03-09T17:17:14","guid":{"rendered":"https:\/\/keyturion.com\/?page_id=757"},"modified":"2025-12-08T10:22:24","modified_gmt":"2025-12-08T09:22:24","slug":"screenshots-monitoring","status":"publish","type":"page","link":"https:\/\/www.keyturion.com\/cs\/funkce\/snimky-obrazovky-monitorovani\/","title":{"rendered":"Sn\u00edm\u00e1n\u00ed obrazovky-Screenshots"},"content":{"rendered":"<p>Mo\u017enost p\u0159esn\u011b vid\u011bt, co u\u017eivatel d\u011bl\u00e1, je kl\u00ed\u010dem k jak\u00e9mukoli <a href=\"https:\/\/www.keyturion.com\/cs\/\" target=\"_blank\" rel=\"noopener\">\u00fa\u010dinn\u00fd software pro monitorov\u00e1n\u00ed po\u010d\u00edta\u010de<\/a>. Inteligentn\u00ed syst\u00e9m sn\u00edm\u00e1n\u00ed obrazovky spole\u010dnosti Keyturion nab\u00edz\u00ed p\u0159esn\u00e9, nen\u00e1ro\u010dn\u00e9 na zdroje a skryt\u00e9 sn\u00edm\u00e1n\u00ed obrazovky bez ohledu na pou\u017e\u00edvanou aplikaci.<\/p>\n<h3>Nastaven\u00ed frekvence sn\u00edm\u00e1n\u00ed obrazovky<\/h3>\n<p>Nastavte, jak \u010dasto se maj\u00ed sn\u00edmky obrazovky po\u0159izovat - ka\u017edou minutu, hodinu nebo v libovoln\u00e9m intervalu. Pokud m\u00e1te podez\u0159en\u00ed na kr\u00e1tkou, neopr\u00e1vn\u011bnou aktivitu, zvy\u0161te frekvenci. Sn\u00edmky obrazovky lze odeslat p\u0159\u00edmo v\u00e1m pro okam\u017eit\u00e9 potvrzen\u00ed.<\/p>\n<h3>Vlastn\u00ed upozorn\u011bn\u00ed<\/h3>\n<p>Definujte ud\u00e1losti, kter\u00e9 spust\u00ed sn\u00edmek obrazovky a upozorn\u011bn\u00ed - nap\u0159\u00edklad konkr\u00e9tn\u00ed napsan\u00e1 slova, spu\u0161t\u011bn\u00e9 programy, nav\u0161t\u00edven\u00e9 webov\u00e9 str\u00e1nky nebo zkop\u00edrovan\u00e1 data ze schr\u00e1nky. T\u00edmto zp\u016fsobem budete upozorn\u011bni pouze v p\u0159\u00edpad\u011b poru\u0161en\u00ed pravidel, \u010d\u00edm\u017e se sn\u00ed\u017e\u00ed pot\u0159eba neust\u00e1l\u00e9ho sledov\u00e1n\u00ed a zachov\u00e1 se soukrom\u00ed u\u017eivatel\u016f.<\/p>\n<h3>Inteligentn\u00ed syst\u00e9m sn\u00edmk\u016f obrazovky<\/h3>\n<p>Snadno spravujte velk\u00e9 mno\u017estv\u00ed sn\u00edmk\u016f obrazovky jejich t\u0159\u00edd\u011bn\u00edm a filtrov\u00e1n\u00edm, abyste rychle na\u0161li nejd\u016fle\u017eit\u011bj\u0161\u00ed informace.<\/p>\n<p>&nbsp;<\/p>","protected":false},"excerpt":{"rendered":"<p>Being able to see exactly what a user is doing is key to any effective computer monitoring software. Keyturion\u2019s Intelligent Screenshot System offers precise, resource-friendly, and covert screen capture, regardless of the application in use. Adjust Frequency of Screen Capture Set how often screenshots are taken \u2014 every minute, hour, or any interval you choose. [&hellip;]<\/p>","protected":false},"author":2,"featured_media":126,"parent":751,"menu_order":0,"comment_status":"closed","ping_status":"closed","template":"page-feature.php","meta":{"footnotes":""},"class_list":["post-757","page","type-page","status-publish","has-post-thumbnail","hentry"],"acf":[],"_links":{"self":[{"href":"https:\/\/www.keyturion.com\/cs\/wp-json\/wp\/v2\/pages\/757","targetHints":{"allow":["GET"]}}],"collection":[{"href":"https:\/\/www.keyturion.com\/cs\/wp-json\/wp\/v2\/pages"}],"about":[{"href":"https:\/\/www.keyturion.com\/cs\/wp-json\/wp\/v2\/types\/page"}],"author":[{"embeddable":true,"href":"https:\/\/www.keyturion.com\/cs\/wp-json\/wp\/v2\/users\/2"}],"replies":[{"embeddable":true,"href":"https:\/\/www.keyturion.com\/cs\/wp-json\/wp\/v2\/comments?post=757"}],"version-history":[{"count":14,"href":"https:\/\/www.keyturion.com\/cs\/wp-json\/wp\/v2\/pages\/757\/revisions"}],"predecessor-version":[{"id":1477,"href":"https:\/\/www.keyturion.com\/cs\/wp-json\/wp\/v2\/pages\/757\/revisions\/1477"}],"up":[{"embeddable":true,"href":"https:\/\/www.keyturion.com\/cs\/wp-json\/wp\/v2\/pages\/751"}],"wp:featuredmedia":[{"embeddable":true,"href":"https:\/\/www.keyturion.com\/cs\/wp-json\/wp\/v2\/media\/126"}],"wp:attachment":[{"href":"https:\/\/www.keyturion.com\/cs\/wp-json\/wp\/v2\/media?parent=757"}],"curies":[{"name":"wp","href":"https:\/\/api.w.org\/{rel}","templated":true}]}}