{"id":753,"date":"2021-03-09T17:30:18","date_gmt":"2021-03-09T16:30:18","guid":{"rendered":"https:\/\/keyturion.com\/?page_id=753"},"modified":"2025-12-08T10:19:17","modified_gmt":"2025-12-08T09:19:17","slug":"keylogger","status":"publish","type":"page","link":"https:\/\/www.keyturion.com\/cs\/funkce\/keylogger-2\/","title":{"rendered":"Keylogger"},"content":{"rendered":"<h2>\u010c\u00edm se li\u0161\u00ed Keyturion Keylogger?<\/h2>\n<p><a href=\"https:\/\/www.keyturion.com\/cs\/\" target=\"_blank\" rel=\"noopener\">Keyturion<\/a> p\u0159esahuje o\u010dek\u00e1v\u00e1n\u00ed robustn\u00edho softwaru pro keylogging v syst\u00e9mu Windows. Pomoc\u00ed na\u0161\u00ed patentovan\u00e9 technologie inteligentn\u00edho sledov\u00e1n\u00ed kl\u00e1ves z\u00edsk\u00e1te \u00fapln\u00fd p\u0159ehled o ka\u017ed\u00e9m stisku kl\u00e1vesy zadan\u00e9m v po\u010d\u00edta\u010di.<\/p>\n<h3>Z\u00e1znamn\u00edk stisk\u016f kl\u00e1ves, kter\u00fd zachov\u00e1v\u00e1 p\u016fvodn\u00ed form\u00e1tov\u00e1n\u00ed<\/h3>\n<p>Na\u0161e jedine\u010dn\u00e9 <strong>software pro keylogging<\/strong> pro Windows zaji\u0161\u0165uje, \u017ee p\u016fvodn\u00ed form\u00e1tov\u00e1n\u00ed zadan\u00e9ho textu z\u016fstane zachov\u00e1no p\u0159esn\u011b tak, jak jej u\u017eivatel zadal. To znamen\u00e1, \u017ee m\u016f\u017eete vid\u011bt ka\u017edou kl\u00e1vesu, kterou u\u017eivatel napsal, v p\u0159esn\u00e9m form\u00e1tu, v jak\u00e9m se objevila v po\u010d\u00edta\u010di - bez p\u0159eform\u00e1tov\u00e1n\u00ed nebo \u00faprav. Budete p\u0159esn\u011b v\u011bd\u011bt, co bylo naps\u00e1no a jak se to zobrazilo.<\/p>\n<h3>Konfigurovateln\u00e9 a flexibiln\u00ed monitorov\u00e1n\u00ed kl\u00e1vesnice<\/h3>\n<p><a href=\"https:\/\/www.keyturion.com\/cs\/\" target=\"_blank\" rel=\"noopener\">Software pro monitorov\u00e1n\u00ed po\u010d\u00edta\u010de Keyturion<\/a> je <strong>vysoce konfigurovateln\u00fd a flexibiln\u00ed keylogger<\/strong>, navr\u017een\u00e9 tak, aby se hodily do va\u0161\u00ed organizace a z\u00e1rove\u0148 respektovaly pravidla a z\u00e1kony o ochran\u011b osobn\u00edch \u00fadaj\u016f.<\/p>\n<p>Pokud va\u0161e organizace zakazuje zaznamen\u00e1v\u00e1n\u00ed ur\u010dit\u00fdch soukrom\u00fdch \u00fadaj\u016f, m\u016f\u017eete nakonfigurovat Keyturion tak, aby zaznamen\u00e1val pouze ur\u010dit\u00e9 informace - nap\u0159\u00edklad pou\u017e\u00edv\u00e1n\u00ed aplikac\u00ed - a jin\u00e9 informace, nap\u0159\u00edklad hesla ve webov\u00fdch prohl\u00ed\u017ee\u010d\u00edch, ignoroval. T\u00edm je zaji\u0161t\u011bn soulad s p\u0159edpisy o ochran\u011b osobn\u00edch \u00fadaj\u016f a z\u00e1rove\u0148 je st\u00e1le monitorov\u00e1na relevantn\u00ed \u010dinnost zam\u011bstnanc\u016f.<\/p>\n<p>Flexibiln\u00ed nastaven\u00ed umo\u017e\u0148uj\u00ed definovat pravidla vylou\u010den\u00ed zabezpe\u010den\u00ed podle n\u00e1zvu spustiteln\u00e9ho souboru\/procesu nebo n\u00e1zvu okna aplikace.<\/p>\n<p>M\u016f\u017eete tak\u00e9 odfiltrovat v\u0161echny roz\u0161\u00ed\u0159en\u00e9 kl\u00ed\u010de, kter\u00e9 nejsou relevantn\u00ed pro shrom\u00e1\u017ed\u011bn\u00e1 data. Pokud nap\u0159\u00edklad kl\u00e1vesy se \u0161ipkami nebo kl\u00e1vesa backspace naru\u0161uj\u00ed interpretaci akc\u00ed u\u017eivatele, Keyturion v\u00e1m umo\u017en\u00ed je vylou\u010dit. M\u016f\u017eete filtrovat kl\u00e1vesy v\u010detn\u011b kl\u00e1vesy backspace, Alt, Ctrl a dal\u0161\u00edch roz\u0161\u00ed\u0159en\u00fdch kl\u00e1ves, co\u017e v\u00e1m d\u00e1v\u00e1 plnou kontrolu nad prezentovan\u00fdmi daty.<\/p>\n<h3>Nekonfliktn\u00ed<\/h3>\n<p><strong>Mnoho keylogger\u016f selh\u00e1v\u00e1<\/strong> bezprobl\u00e9mov\u011b spolupracovat s ostatn\u00edm softwarem, co\u017e zp\u016fsobuje probl\u00e9my se zad\u00e1v\u00e1n\u00edm z kl\u00e1vesnice, zpomalen\u00ed aplikac\u00ed nebo chyby, kter\u00e9 zp\u016fsobuj\u00ed selh\u00e1n\u00ed pracovn\u00edho postupu. P\u0159i n\u00e1vrhu aplikace Keyturion jsme dbali na to, aby fungovala bez konflikt\u016f s jin\u00fdmi aplikacemi syst\u00e9mu Windows.<\/p>\n<p>Tato v\u00fdkonn\u00e1 technologie b\u011b\u017e\u00ed bez probl\u00e9m\u016f vedle v\u0161ech st\u00e1vaj\u00edc\u00edch program\u016f a zaji\u0161\u0165uje, \u017ee zaznamen\u00e1v\u00e1n\u00ed stisk\u016f kl\u00e1ves pokra\u010duje i v dob\u011b, kdy u\u017eivatel pracuje s jakoukoli aplikac\u00ed.<br \/>\nKeyturion nejen\u017ee odhal\u00ed, kter\u00fd program je otev\u0159en\u00fd, ale tak\u00e9 p\u0159esn\u011b uk\u00e1\u017ee, co u\u017eivatel v dan\u00e9m programu d\u011bl\u00e1, a poskytne tak cenn\u00e9 informace a data, kter\u00e1 lze vyu\u017e\u00edt.<\/p>\n<h3>\u0160etrn\u00e9 k \u017eivotn\u00edmu prost\u0159ed\u00ed <a href=\"https:\/\/www.keylogger.pl\/\" target=\"_blank\" rel=\"noopener\">Keylogger<\/a> Motor<\/h3>\n<p>Tento funk\u010dn\u011b bohat\u00fd n\u00e1stroj pro keylogging je optimalizov\u00e1n tak, aby m\u011bl minim\u00e1ln\u00ed dopad na syst\u00e9mov\u00e9 prost\u0159edky. Za b\u011bhu je jeho vliv na v\u00fdkon prakticky neznateln\u00fd. To je rozhoduj\u00edc\u00ed pro zamezen\u00ed ru\u0161en\u00ed a udr\u017een\u00ed keyloggeru ve skrytu.<\/p>\n<p>Pokud nov\u011b nainstalovan\u00fd program zpomaluje po\u010d\u00edta\u010d, mohou m\u00edt u\u017eivatel\u00e9 podez\u0159en\u00ed na jeho p\u0159\u00edtomnost. S programem Keyturion <strong><a href=\"https:\/\/www.keyturion.com\/cs\/free-keylogger\/\" target=\"_blank\" rel=\"noopener\">bezplatn\u00fd software pro keylogger<\/a><\/strong>, je toto riziko minimalizov\u00e1no. Jeho zanedbateln\u00fd dopad na v\u00fdkon mu umo\u017e\u0148uje b\u011b\u017eet ti\u0161e na pozad\u00ed, zcela bez pov\u0161imnut\u00ed.<\/p>\n<p>&nbsp;<\/p>","protected":false},"excerpt":{"rendered":"<p>What Makes Keyturion Keylogger Different? Keyturion goes beyond the expectations of robust keylogging software for Windows. Using our proprietary intelligent key monitoring technology, you gain a complete understanding of every keystroke entered on your computer. Keystroke Logger That Maintains Original Formatting Our unique keylogging software for Windows ensures that the original formatting of typed text [&hellip;]<\/p>","protected":false},"author":2,"featured_media":122,"parent":751,"menu_order":0,"comment_status":"closed","ping_status":"closed","template":"page-feature.php","meta":{"footnotes":""},"class_list":["post-753","page","type-page","status-publish","has-post-thumbnail","hentry"],"acf":[],"_links":{"self":[{"href":"https:\/\/www.keyturion.com\/cs\/wp-json\/wp\/v2\/pages\/753","targetHints":{"allow":["GET"]}}],"collection":[{"href":"https:\/\/www.keyturion.com\/cs\/wp-json\/wp\/v2\/pages"}],"about":[{"href":"https:\/\/www.keyturion.com\/cs\/wp-json\/wp\/v2\/types\/page"}],"author":[{"embeddable":true,"href":"https:\/\/www.keyturion.com\/cs\/wp-json\/wp\/v2\/users\/2"}],"replies":[{"embeddable":true,"href":"https:\/\/www.keyturion.com\/cs\/wp-json\/wp\/v2\/comments?post=753"}],"version-history":[{"count":20,"href":"https:\/\/www.keyturion.com\/cs\/wp-json\/wp\/v2\/pages\/753\/revisions"}],"predecessor-version":[{"id":1475,"href":"https:\/\/www.keyturion.com\/cs\/wp-json\/wp\/v2\/pages\/753\/revisions\/1475"}],"up":[{"embeddable":true,"href":"https:\/\/www.keyturion.com\/cs\/wp-json\/wp\/v2\/pages\/751"}],"wp:featuredmedia":[{"embeddable":true,"href":"https:\/\/www.keyturion.com\/cs\/wp-json\/wp\/v2\/media\/122"}],"wp:attachment":[{"href":"https:\/\/www.keyturion.com\/cs\/wp-json\/wp\/v2\/media?parent=753"}],"curies":[{"name":"wp","href":"https:\/\/api.w.org\/{rel}","templated":true}]}}