{"id":370,"date":"2019-02-06T16:47:02","date_gmt":"2019-02-06T15:47:02","guid":{"rendered":"https:\/\/keyturion.com\/?page_id=370"},"modified":"2025-08-10T19:27:51","modified_gmt":"2025-08-10T17:27:51","slug":"about-us","status":"publish","type":"page","link":"https:\/\/www.keyturion.com\/cs\/o-nas\/","title":{"rendered":"O n\u00e1s"},"content":{"rendered":"<h3>O spole\u010dnosti<\/h3>\n<p>Od roku 2007 vyv\u00edj\u00edme software a monitorovac\u00ed za\u0159\u00edzen\u00ed a vytv\u00e1\u0159\u00edme n\u00e1stroje, kter\u00e9 vyu\u017e\u00edvaj\u00ed jednotliv\u00ed u\u017eivatel\u00e9 i firmy po cel\u00e9m sv\u011bt\u011b.<br \/>\nKeyturion je v\u00fdsledkem na\u0161ich dlouholet\u00fdch zku\u0161enost\u00ed a reakc\u00ed na pot\u0159eby na\u0161ich klient\u016f - inovativn\u00ed monitorovac\u00ed n\u00e1stroj, kter\u00fd dok\u00e1\u017ee sledovat jakoukoli aktivitu na po\u010d\u00edta\u010di.<\/p>\n<h3>D\u016fv\u011bra a bezpe\u010dnost<\/h3>\n<p>Na\u0161im u\u017eivatel\u016fm zaji\u0161\u0165ujeme nejvy\u0161\u0161\u00ed \u00farove\u0148 zabezpe\u010den\u00ed. Nem\u00e1me p\u0159\u00edstup k va\u0161im soukrom\u00fdm \u00fadaj\u016fm a aplikace neobsahuje \u017e\u00e1dn\u00e9 skryt\u00e9 funkce. P\u0159i instalaci na\u0161eho softwaru si m\u016f\u017eete b\u00fdt jisti, \u017ee va\u0161e citliv\u00e1 data spravujete pouze vy.<\/p>","protected":false},"excerpt":{"rendered":"<p>O spole\u010dnosti Od roku 2007 vyv\u00edj\u00edme software a monitorovac\u00ed za\u0159\u00edzen\u00ed a vytv\u00e1\u0159\u00edme n\u00e1stroje, kter\u00e9 vyu\u017e\u00edvaj\u00ed jednotliv\u00ed u\u017eivatel\u00e9 i firmy po cel\u00e9m sv\u011bt\u011b. Keyturion je v\u00fdsledkem na\u0161ich dlouholet\u00fdch zku\u0161enost\u00ed a reakc\u00ed na pot\u0159eby na\u0161ich klient\u016f - inovativn\u00ed monitorovac\u00ed n\u00e1stroj, kter\u00fd dok\u00e1\u017ee sledovat jakoukoli \u010dinnost na po\u010d\u00edta\u010di. [...]<\/p>","protected":false},"author":2,"featured_media":0,"parent":0,"menu_order":0,"comment_status":"closed","ping_status":"closed","template":"","meta":{"footnotes":""},"class_list":["post-370","page","type-page","status-publish","hentry"],"acf":[],"_links":{"self":[{"href":"https:\/\/www.keyturion.com\/cs\/wp-json\/wp\/v2\/pages\/370","targetHints":{"allow":["GET"]}}],"collection":[{"href":"https:\/\/www.keyturion.com\/cs\/wp-json\/wp\/v2\/pages"}],"about":[{"href":"https:\/\/www.keyturion.com\/cs\/wp-json\/wp\/v2\/types\/page"}],"author":[{"embeddable":true,"href":"https:\/\/www.keyturion.com\/cs\/wp-json\/wp\/v2\/users\/2"}],"replies":[{"embeddable":true,"href":"https:\/\/www.keyturion.com\/cs\/wp-json\/wp\/v2\/comments?post=370"}],"version-history":[{"count":28,"href":"https:\/\/www.keyturion.com\/cs\/wp-json\/wp\/v2\/pages\/370\/revisions"}],"predecessor-version":[{"id":1390,"href":"https:\/\/www.keyturion.com\/cs\/wp-json\/wp\/v2\/pages\/370\/revisions\/1390"}],"wp:attachment":[{"href":"https:\/\/www.keyturion.com\/cs\/wp-json\/wp\/v2\/media?parent=370"}],"curies":[{"name":"wp","href":"https:\/\/api.w.org\/{rel}","templated":true}]}}