{"id":176,"date":"2018-11-06T12:19:39","date_gmt":"2018-11-06T11:19:39","guid":{"rendered":"https:\/\/keyturion.com\/?page_id=176"},"modified":"2024-04-20T21:37:40","modified_gmt":"2024-04-20T19:37:40","slug":"demo","status":"publish","type":"page","link":"https:\/\/www.keyturion.com\/cs\/demo-2\/","title":{"rendered":"Otestovat Keyturion Pro"},"content":{"rendered":"<p><strong>Podporovan\u00e9 opera\u010dn\u00ed syst\u00e9my:<br \/>\n(podporov\u00e1ny jsou 32 i 64bitov\u00e9 verze)<\/strong><\/p>\n<table id=\"tabdemo\" style=\"width: 74.413%;\">\n<tbody>\n<tr>\n<td style=\"width: 50%;\">\n<ul>\n<li><strong>Windows 11<\/strong><\/li>\n<li><strong>Windows 8.1\u00a0<\/strong><\/li>\n<li><strong>Windows 8 32<\/strong><\/li>\n<\/ul>\n<\/td>\n<td style=\"width: 50%;\">\n<ul>\n<li><strong>Windows 10\u00a0<\/strong><\/li>\n<li><strong>Windows 7\u00a0<\/strong><\/li>\n<li><strong>Windows Vista<\/strong><\/li>\n<\/ul>\n<\/td>\n<\/tr>\n<\/tbody>\n<\/table>\n<p><strong> Varov\u00e1n\u00ed:<\/strong><br \/>\nLze jej st\u00e1hnout z r\u016fzn\u00fdch m\u00edst, ale doporu\u010dujeme st\u00e1hnout Keyturion odsud, z na\u0161ich webov\u00fdch str\u00e1nek.<br \/>\nStahov\u00e1n\u00ed softwaru Keyturion z webov\u00fdch str\u00e1nek t\u0159et\u00edch stran m\u016f\u017ee b\u00fdt nebezpe\u010dn\u00e9. Ty, kter\u00e9 rozd\u00e1vaj\u00ed software zdarma, k n\u011bmu mohou p\u0159ibalit malware nebo adware.<\/p>","protected":false},"excerpt":{"rendered":"<p>Podporovan\u00e9 opera\u010dn\u00ed syst\u00e9my: (podporov\u00e1ny jsou 32 i 64bitov\u00e9 verze) Windows 11 Windows 8.1 Windows 8 32 Windows 10 Windows 7 Windows Vista Upozorn\u011bn\u00ed: Keyturion lze st\u00e1hnout z r\u016fzn\u00fdch m\u00edst, ale doporu\u010dujeme jej st\u00e1hnout odsud, z na\u0161ich webov\u00fdch str\u00e1nek. Stahov\u00e1n\u00ed softwaru Keyturion z webov\u00fdch str\u00e1nek t\u0159et\u00edch stran m\u016f\u017ee b\u00fdt nebezpe\u010dn\u00e9. Tyto [...]<\/p>","protected":false},"author":2,"featured_media":0,"parent":0,"menu_order":0,"comment_status":"closed","ping_status":"closed","template":"page-produkty2.php","meta":{"footnotes":""},"class_list":["post-176","page","type-page","status-publish","hentry"],"acf":[],"_links":{"self":[{"href":"https:\/\/www.keyturion.com\/cs\/wp-json\/wp\/v2\/pages\/176","targetHints":{"allow":["GET"]}}],"collection":[{"href":"https:\/\/www.keyturion.com\/cs\/wp-json\/wp\/v2\/pages"}],"about":[{"href":"https:\/\/www.keyturion.com\/cs\/wp-json\/wp\/v2\/types\/page"}],"author":[{"embeddable":true,"href":"https:\/\/www.keyturion.com\/cs\/wp-json\/wp\/v2\/users\/2"}],"replies":[{"embeddable":true,"href":"https:\/\/www.keyturion.com\/cs\/wp-json\/wp\/v2\/comments?post=176"}],"version-history":[{"count":49,"href":"https:\/\/www.keyturion.com\/cs\/wp-json\/wp\/v2\/pages\/176\/revisions"}],"predecessor-version":[{"id":1204,"href":"https:\/\/www.keyturion.com\/cs\/wp-json\/wp\/v2\/pages\/176\/revisions\/1204"}],"wp:attachment":[{"href":"https:\/\/www.keyturion.com\/cs\/wp-json\/wp\/v2\/media?parent=176"}],"curies":[{"name":"wp","href":"https:\/\/api.w.org\/{rel}","templated":true}]}}