{"id":1314,"date":"2025-01-19T17:20:31","date_gmt":"2025-01-19T16:20:31","guid":{"rendered":"https:\/\/www.keyturion.com\/?page_id=1314"},"modified":"2025-06-29T23:07:16","modified_gmt":"2025-06-29T21:07:16","slug":"av-exlusion-manual","status":"publish","type":"page","link":"https:\/\/www.keyturion.com\/cs\/av-exlusion-manual\/","title":{"rendered":"P\u0159\u00edru\u010dka k b\u00edl\u00e9 listin\u011b antivirov\u00fdch agent\u016f"},"content":{"rendered":"<p style=\"font-size: 18px;\">Pokud je na sledovan\u00fdch po\u010d\u00edta\u010d\u00edch nainstalov\u00e1n bezpe\u010dnostn\u00ed software, nap\u0159\u00edklad antivirov\u00fd program nebo br\u00e1na firewall, m\u016f\u017ee blokovat slu\u017eby Keyturion nebo samotn\u00fd proces instalace a zabr\u00e1nit tak norm\u00e1ln\u00edmu provozu.<br \/>\nNen\u00ed t\u0159eba se ob\u00e1vat. Software je bezpe\u010dn\u00fd a neobsahuje \u017e\u00e1dn\u00e9 skryt\u00e9 funkce. Je v\u0161ak b\u011b\u017en\u00e9, \u017ee monitorovac\u00ed software tohoto typu je antivirov\u00fdmi programy ozna\u010dov\u00e1n jako potenci\u00e1ln\u00ed hrozba, co\u017e m\u016f\u017ee v\u00e9st k fale\u0161n\u00fdm poplach\u016fm.<br \/>\nObecn\u00e9 pravidlo a osv\u011bd\u010den\u00fd postup:<\/p>\n<p style=\"font-size: 18px;\"><strong>1)<\/strong> B\u011bhem instalace vyberte <strong>norm\u00e1ln\u00ed<\/strong> instala\u010dn\u00ed re\u017eim (nikoli skryt\u00fd re\u017eim, i kdy\u017e program m\u016f\u017eete pozd\u011bji skr\u00fdt). Na str\u00e1nce, kde vyberete c\u00edlovou slo\u017eku pro Keyturion, zkop\u00edrujte cestu do schr\u00e1nky jednoduch\u00fdm kliknut\u00edm na tla\u010d\u00edtko uveden\u00e9 na t\u00e9to str\u00e1nce nastaven\u00ed.<\/p>\n<p style=\"font-size: 18px;\"><img decoding=\"async\" style=\"width: 44%;\" src=\"https:\/\/KEYTURION.com\/av\/setupen.png\" alt=\"Nastaven\u00ed vylou\u010den\u00ed AV\" \/><br \/>\n<strong>2)<\/strong> Tuto cestu vlo\u017ete do nastaven\u00ed vylou\u010den\u00ed antivirov\u00e9ho programu pro skenov\u00e1n\u00ed v re\u00e1ln\u00e9m \u010dase nebo jin\u00fdch bezpe\u010dnostn\u00edch funkc\u00ed.<br \/>\n<strong>3)<\/strong> Pokra\u010dujte v instalaci agenta.<br \/>\nVe v\u00fdjime\u010dn\u00fdch p\u0159\u00edpadech m\u016f\u017ee b\u00fdt tak\u00e9 nutn\u00e9 vylou\u010dit samotn\u00fd instala\u010dn\u00ed soubor nebo do\u010dasn\u011b na kr\u00e1tkou dobu vypnout ve\u0161kerou ochranu AV.<\/p>\n<h3>Na kart\u00e1ch n\u00ed\u017ee naleznete podrobn\u00e9 pokyny, jak to prov\u00e9st u n\u011bkter\u00fdch obl\u00edben\u00fdch antivirov\u00fdch program\u016f:<\/h3>\n   \r\n<div class=\"agwt-container\">\r\n    \r\n    <!-- Tabs Button -->\r\n    <div class=\"wt-tabs-btn-container1317 wt-body-style\">\r\n        \t\t\t<a class=\"wt-btn1317 wt-tabs-tb1317 wt-tabs-top  active\"\r\n\t\t\t\t\t\t            style=\"cursor:pointer;\"\r\n\t\t\t\t\t\t            onclick=\"wtOpenTb(event,'wt-tab13171', '1317', 'normal')\">\r\n\t\t\t\t\t\t            \t\t\t\t\t\t            <i class=\"\" id=\"wtOpen\"><\/i>\r\n\t\t\t\t\t\t                                                <div class=\"title_tag\">ESET<\/div>\r\n                    <\/a>\r\n\r\n        \t\t\t<a class=\"wt-btn1317 wt-tabs-tb1317 wt-tabs-top\"\r\n\t\t\t\t\t\t            style=\"cursor:pointer;\"\r\n\t\t\t\t\t\t            onclick=\"wtOpenTb(event,'wt-tab13172', '1317', 'normal')\">\r\n\t\t\t\t\t\t            \t\t\t\t\t\t            <i class=\"\" id=\"wtOpen\"><\/i>\r\n\t\t\t\t\t\t                                                <div class=\"title_tag\">AVG<\/div>\r\n                    <\/a>\r\n\r\n        \t\t\t<a class=\"wt-btn1317 wt-tabs-tb1317 wt-tabs-top\"\r\n\t\t\t\t\t\t            style=\"cursor:pointer;\"\r\n\t\t\t\t\t\t            onclick=\"wtOpenTb(event,'wt-tab13173', '1317', 'normal')\">\r\n\t\t\t\t\t\t            \t\t\t\t\t\t            <i class=\"\" id=\"wtOpen\"><\/i>\r\n\t\t\t\t\t\t                                                <div class=\"title_tag\">Bitdefender<\/div>\r\n                    <\/a>\r\n\r\n        \r\n    <\/div>\r\n    <!-- End Tabs Button -->\r\n\r\n\r\n        <!-- Tabs Body -->\r\n    <div class=\"wt-tabs-body wt-body1317\">\r\n\r\n        \t\t\t\t\t\t        <!-- Start tabs-->\r\n\t\t\t<div class=\"wt-single-tab1317\" id=\"wt-tab13171\"\r\n\t\t\t style=\"display:block;\" >\r\n<ol>\n<li>Otev\u0159\u00edt <strong>Nastaven\u00ed<\/strong> a klikn\u011bte na <strong>Ochrana po\u010d\u00edta\u010de<\/strong><\/li>\n<li>Klikn\u011bte na ikonu Nastaven\u00ed vedle <strong>Ochrana souborov\u00e9ho syst\u00e9mu v re\u00e1ln\u00e9m \u010dase<\/strong><\/li>\n<li>Klikn\u011bte na <strong>Upravit vylou\u010den\u00ed<\/strong> a vlo\u017ete sem cestu<\/li>\n<\/ol>\n<p><img decoding=\"async\" style=\"width: 65%\" src=\"https:\/\/www.keyturion.com\/av\/eseten.png\" alt=\"Obraz\" \/><\/p>\n<p><img decoding=\"async\" style=\"width: 65%\" src=\"https:\/\/www.keyturion.com\/av\/eseten2.png\" alt=\"Obraz\" \/><\/p>\n        <\/div>\r\n        <!-- End tabs -->\r\n        \r\n        \t\t\t\t\t\t        <!-- Start tabs-->\r\n\t\t\t<div class=\"wt-single-tab1317\" id=\"wt-tab13172\"\r\n\t\t\t>\r\n<p><a href=\"https:\/\/support.avg.com\/SupportArticleView?l=en&amp;urlname=avg-antivirus-scan-exclusions#idt_040\" target=\"_blank\" rel=\"noopener noreferrer\"><br \/>\nKliknut\u00edm sem p\u0159ejdete na pokyny v\u00fdrobce AVG.<br \/>\n<\/a><\/p>\n        <\/div>\r\n        <!-- End tabs -->\r\n        \r\n        \t\t\t\t\t\t        <!-- Start tabs-->\r\n\t\t\t<div class=\"wt-single-tab1317\" id=\"wt-tab13173\"\r\n\t\t\t>\r\n<p><a href=\"https:\/\/www.bitdefender.com\/consumer\/support\/answer\/13427\/\" target=\"_blank\" rel=\"noopener noreferrer\"><br \/>\nKliknut\u00edm sem p\u0159ejdete na pokyny v\u00fdrobce produktu Bitdefender.<br \/>\n<\/a><\/p>\n        <\/div>\r\n        <!-- End tabs -->\r\n        \r\n        \r\n    <\/div>\r\n    <!-- End Tabs Body -->\r\n    <\/div>\r\n<style>\r\n     *,\r\n\t*::before,\r\n\t*::after {\r\n\t  box-sizing: border-box;\r\n\t}\r\n\r\n\t        .agwt-container { max-width:inherit; }\r\n\t\r\n\t\t\t.agwt-container .normal_content_section_title_1317{ max-width:100% !important;}\r\n\t\t\t.agwt-container a {box-shadow:none}\r\n\t\t\t.agwt-container .normal_content_section_title_1317 {margin-bottom:15px}\r\n\t\t\t.agwt-container a.wt-tabs-tb1317 {\r\n\t\t\t\ttext-decoration: none !important;\r\n\t\t    }\r\n\t\t\t.agwt-container a.wt-tabs-tb1317:hover {\r\n\t\t\t\ttext-decoration: none !important;\r\n\t\t\t}\r\n\r\n\t\t\t.agwt-container .normal_content_section_title_1317 .section_title h1 {font-size: 2em !important; color:#000;}\r\n\t\t\t.agwt-container .normal_content_section_title_1317 .section_title h2 {font-size: 1.5em !important; color:#000;}\r\n\t\t\t.agwt-container .normal_content_section_title_1317 .section_title h3 {font-size: 1.17em !important; color:#000;}\r\n\t\t\t.agwt-container .normal_content_section_title_1317 .section_title h4 {font-size: 1em !important; color:#000;}\r\n\t\t\t.agwt-container .normal_content_section_title_1317 .section_title h5 {font-size: 0.83em !important; color:#000;}\r\n\t\t\t.agwt-container .normal_content_section_title_1317 .section_title h6 {font-size: 0.67em !important; color:#000;}\r\n\t\t\t.agwt-container .normal_content_section_title_1317 .section_title p  { color:#000;}\r\n\r\n\t\t\t.wt-tabs-tb1317 {\r\n\t\t\t    float: left;\r\n\t\t\t    color:#000;\r\n\t\t\t    background: #eee;\r\n\t\t\t    border: 1px solid #ccc;\r\n\t\t\t}\r\n\r\n\t\t\t.wt-tabs-tb1317.active {\r\n\t\t\t\tcolor:#000;\r\n\t\t\t\tbackground:#fff;\r\n\t\t\t}\r\n\r\n\t\t\t.wt-tabs-tb1317:hover {\r\n\t\t\t\tcolor:#000;\r\n\t\t\t\tbackground:#fff;\r\n\t\t\t}\r\n\r\n\t\t\t.child-class { \r\n\t\t\t\tflex-direction: column;\r\n\t\t\t\twidth: 25%;\r\n\t\t\t\tpadding-right:10px;\r\n\t\t\t}\r\n\r\n\t\t\t.child-class-menu {  display:inline-block; }\r\n\r\n\t\t\t.child-class .wt-tabs-tb1317 i {\r\n\t\t\t\tfloat:left;\r\n\t\t\t}\r\n\r\n\t\t\t.wt-single-nest-tab1317 {\r\n\t\t\t\tdisplay: none;\r\n\t\t\t}\r\n\r\n\t\t\t.nested-type .wt-tabs-body.wt-body1317 {\r\n\t\t\t\tpadding-left:2px;\r\n\t\t\t\tpadding-top:5px;\r\n\r\n\t\t\t}\r\n\r\n\t\t\t.child-class-body {\r\n\t\t\t\twidth: inherit;\r\n\t\t\t\toverflow: hidden;\r\n\t\t\t}\r\n\r\n\t\t\t.wt-tabs-tb1317 i {\r\n\t\t\t\tcolor:#000;\r\n\t\t\t    margin-right:1px;\r\n\t\t\t\tfont-size:20px;\r\n\t\t\t\tline-height:1.6;\r\n\t\t\t}\r\n\r\n\t\t\t.wt-tabs-tb1317 img {\r\n\t\t\t\tdisplay:inline-block;\r\n\t\t\t\tmargin-top:5px;\r\n\t\t\t\tmargin-right:1px;\r\n\t\t\t  }\r\n\r\n\t\t\t.wt-tabs-tb1317.active i {\r\n\t\t\t\tcolor:#000;\r\n\t\t\t}\r\n\r\n\t\t\t.wt-tabs-tb1317:hover i {\r\n\t\t\t\tcolor:#000;\r\n\t\t\t}\r\n\r\n\t\t\t.title_tag {\r\n\t\t\t\tfont-size:20px;\r\n\t\t\t\tfloat:right;\r\n\t\t\t}\r\n\r\n\t\t\t.wt-tabs-body.wt-body1317 {\r\n\t\t\t\twidth:inherit;\r\n\t\t\t    background-color:#fff;\r\n\t\t\t    border:1px solid #ccc;\r\n\t\t\t    padding:20px 20px 20px 20px;\r\n\t\t\t}\r\n\t\t\t.agwt-container {\r\n\t\t\t    line-height: 1.6;\r\n\t\t\t}\r\n\r\n\t\t\t.tax-btn1317:hover { background:#fff; }\r\n\t\t\t.tax-btn1317.active { background:#fff; }\r\n\r\n\t\t\t.wt-single-tab1317 {\r\n\t\t\t    display: none;\r\n\t\t\t}\r\n\t\t\t.wt-tabs-tb1317 {\r\n\t\t\t\tpadding: 10px 10px 10px 10px;\r\n\t\t\t\tborder-radius:2px;\r\n\t\t\t}\r\n\r\n\t\t\t \r\n\t\t.agwt-container .normal_content_section_title_1317 .section_title h1{ font-family:Poppins !important; } \r\n\t\t.agwt-container .normal_content_section_title_1317 .section_title h2{ font-family:Poppins !important; } \r\n\t\t.agwt-container .normal_content_section_title_1317 .section_title h3{ font-family:Poppins !important; } \r\n\t\t.agwt-container .normal_content_section_title_1317 .section_title h4{ font-family:Poppins !important; } \r\n\t\t.agwt-container .normal_content_section_title_1317 .section_title h5{ font-family:Poppins !important; } \r\n\t\t.agwt-container .normal_content_section_title_1317 .section_title h6{ font-family:Poppins !important; } \r\n\t\t.agwt-container .normal_content_section_title_1317 .section_title p{ font-family:Poppins !important; } \r\n\t\t\r\n\t\t.agwt-container .wt-body .wt-single-tab h1,\r\n\t\t\t\t\t\t\t\t\t.agwt-container .wt-body .wt-single-tab h2,\r\n\t\t\t\t\t\t\t\t\t.agwt-container .wt-body .wt-single-tab h3,\r\n\t\t\t\t\t\t\t\t\t.agwt-container .wt-body .wt-single-tab h4,\r\n\t\t\t\t\t\t\t\t\t.agwt-container .wt-body .wt-single-tab h5,\r\n\t\t\t\t\t\t\t\t\t.agwt-container .wt-body .wt-single-tab h6,\r\n\t\t\t\t\t\t\t\t\t.agwt-container .wt-body .wt-single-tab p, .agwt-container {\r\n\t\t\t\t\t\t\t\t\t    font-family:Poppins !important;\r\n\t\t\t\t\t\t\t\t\t    font-weight:normal !important;\r\n\t\t\t\t\t\t\t\t\t    font-style:normal !important;\r\n\t\t\t\t\t\t\t\t\t}\r\n\r\n\t\t\t\t\t\t\t\t\t\r\n\r\n\t\t\t\t\t\t           .wt-btn1317.active {\r\n\t\t\t\t\t\t\t\t\t    border-color: #ccc #ccc transparent;\r\n\t\t\t\t\t\t\t\t\t}\r\n\t\t\t\t\t\t\t\t\t.tax-btn1317.active {\r\n\t\t\t\t\t\t\t\t\t    border-color: #ccc #ccc transparent;\r\n\t\t\t\t\t\t\t\t\t}\r\n\t\t\t\t\t\t\t\t .wt-tabs-btn-container1317 {\r\n\t\t\t\t\t\t\t\t\t    left: 0%;\r\n\t\t\t\t\t\t\t\t\t    display: flex;\r\n\t\t\t\t\t\t\t\t\t    padding-top: 0px;\r\n\t\t\t\t\t\t\t\t\t}\r\n\t\t\t\t\t\t\t\t\t.agwt-container a.wt-tabs-tb1317 {\r\n\t\t\t\t\t\t\t\t\t\tmargin-bottom: -1px;\r\n\t\t\t\t\t\t\t\t\t}\r\n\r\n\t\t\t\t\t\t\t\t\t.wt-tabs-btn-container1317.active { border-bottom:none; }\r\n\r\n\t\t\t\t\t\t\t\t\t.wt-tabs-tb1317 {\r\n\t\t\t\t\t\t\tmargin: 0px 0px 0px 0px;\r\n\t\t\t\t\t\t\t}@media only screen and (max-width: 668px) {\r\n\t\t\t    .wt-tabs-btn-container1317 {\r\n\t\t\t        flex-flow:column;\r\n\t\t\t    }\r\n\t\t\t}<\/style>","protected":false},"excerpt":{"rendered":"<p>If there is security software, such as an antivirus program or a firewall, installed on the monitored machines, it may block Keyturion services or the installation process itself, preventing normal operation. There is no need to worry. The software is 100% safe and contains no hidden features. However, it is common for monitoring software of [&hellip;]<\/p>","protected":false},"author":2,"featured_media":0,"parent":0,"menu_order":0,"comment_status":"closed","ping_status":"closed","template":"","meta":{"footnotes":""},"class_list":["post-1314","page","type-page","status-publish","hentry"],"acf":[],"_links":{"self":[{"href":"https:\/\/www.keyturion.com\/cs\/wp-json\/wp\/v2\/pages\/1314","targetHints":{"allow":["GET"]}}],"collection":[{"href":"https:\/\/www.keyturion.com\/cs\/wp-json\/wp\/v2\/pages"}],"about":[{"href":"https:\/\/www.keyturion.com\/cs\/wp-json\/wp\/v2\/types\/page"}],"author":[{"embeddable":true,"href":"https:\/\/www.keyturion.com\/cs\/wp-json\/wp\/v2\/users\/2"}],"replies":[{"embeddable":true,"href":"https:\/\/www.keyturion.com\/cs\/wp-json\/wp\/v2\/comments?post=1314"}],"version-history":[{"count":33,"href":"https:\/\/www.keyturion.com\/cs\/wp-json\/wp\/v2\/pages\/1314\/revisions"}],"predecessor-version":[{"id":1361,"href":"https:\/\/www.keyturion.com\/cs\/wp-json\/wp\/v2\/pages\/1314\/revisions\/1361"}],"wp:attachment":[{"href":"https:\/\/www.keyturion.com\/cs\/wp-json\/wp\/v2\/media?parent=1314"}],"curies":[{"name":"wp","href":"https:\/\/api.w.org\/{rel}","templated":true}]}}