{"id":1240,"date":"2024-09-04T09:29:03","date_gmt":"2024-09-04T07:29:03","guid":{"rendered":"https:\/\/keyturion.com\/?page_id=1240"},"modified":"2024-09-13T23:09:05","modified_gmt":"2024-09-13T21:09:05","slug":"cart2024","status":"publish","type":"page","link":"https:\/\/www.keyturion.com\/cs\/vozik2024\/","title":{"rendered":"Cart2024"},"content":{"rendered":"<h4 class=\"standard\">Z\u00e1kladn\u00ed informace o licenci<\/h4>\n<p class=\"standard\">Licence KeyTurion a KeyTurion PRO jsou vhodn\u00e9 pro osobn\u00ed i firemn\u00ed pou\u017eit\u00ed. Po stisknut\u00ed tla\u010d\u00edtka \"Koupit nyn\u00ed\" budete p\u0159esm\u011brov\u00e1ni na str\u00e1nku na\u0161eho zpracovatele plateb (PayPro Global). Va\u0161e licence spolu s fakturou bude doru\u010dena na zadanou e-mailovou adresu.<\/p>\n<p class=\"standard\">Licen\u010dn\u00ed kl\u00ed\u010d KeyTurion v\u00e1m umo\u017en\u00ed vyu\u017e\u00edvat v\u0161echny funkce aplikace po dobu 12 m\u011bs\u00edc\u016f a z\u00edskat v\u0161echny budouc\u00ed aktualizace b\u011bhem tohoto obdob\u00ed. <strong>zdarma<\/strong>. Zv\u00fd\u0161en\u00edm po\u010dtu licenc\u00ed na str\u00e1nce N\u00e1kup a pokladna se zv\u00fd\u0161\u00ed po\u010det mo\u017en\u00fdch licencovan\u00fdch po\u010d\u00edta\u010d\u016f. Nap\u0159\u00edklad licence na 3 jednotky vygeneruje jeden licen\u010dn\u00ed kl\u00ed\u010d platn\u00fd pro 3 po\u010d\u00edta\u010de.<\/p>\n<h4 class=\"standard\">Mohu prov\u00e9st upgrade KeyTurionu na KeyTurion PRO?<\/h4>\n<p class=\"standard\">Ano, m\u016f\u017eete. Pokud chcete prov\u00e9st upgrade, mus\u00edte n\u00e1s kontaktovat prost\u0159ednictv\u00edm na\u0161eho webu. <a href=\"https:\/\/www.keyturion.com\/cs\/kontakt-2\/\" target=\"_blank\" rel=\"noopener\">Kontaktn\u00ed str\u00e1nka<\/a>.<\/p>\n<h4>Co znamen\u00e1 parametr: \"<label class=\"col-sm-4 control-label\" for=\"selection_49853\">Doba uchov\u00e1v\u00e1n\u00ed \u00fadaj\u016f<\/label>\" na n\u00e1kupn\u00ed str\u00e1nce?<\/h4>\n<p>Parametr \"Retention\", kter\u00fd vid\u00edte v \u00falo\u017ei\u0161ti pro Keyturion PRO, je parametr, kter\u00fd ur\u010duje, jak dlouho budou va\u0161e p\u0159ihl\u00e1\u0161en\u00e1 data uchov\u00e1v\u00e1na na serveru.<\/p>\n<p>Pokud si nap\u0159\u00edklad zakoup\u00edte standardn\u00ed licenci na 1 rok s dobou uchov\u00e1v\u00e1n\u00ed 3 m\u011bs\u00edce, znamen\u00e1 to, \u017ee va\u0161e licence a \u00fa\u010det jsou platn\u00e9 po cel\u00fd rok, ale data jsou ulo\u017eena maxim\u00e1ln\u011b po dobu 3 m\u011bs\u00edc\u016f a data star\u0161\u00ed ne\u017e doba uchov\u00e1v\u00e1n\u00ed jsou automaticky odstran\u011bna.<br \/>\nPokud vezmeme v \u00favahu v\u00fd\u0161e uveden\u00fd p\u0159\u00edklad, po 4 m\u011bs\u00edc\u00edch pou\u017e\u00edv\u00e1n\u00ed budete m\u00edt p\u0159\u00edstup k \u00fadaj\u016fm za posledn\u00ed 3 m\u011bs\u00edce (prvn\u00ed nejstar\u0161\u00ed m\u011bs\u00edc bude automaticky vymaz\u00e1n).<\/p>","protected":false},"excerpt":{"rendered":"<p>Z\u00e1kladn\u00ed informace o licenci Licence KeyTurion a KeyTurion PRO jsou vhodn\u00e9 pro osobn\u00ed i firemn\u00ed pou\u017eit\u00ed. Po stisknut\u00ed tla\u010d\u00edtka \"Koupit nyn\u00ed\" budete p\u0159esm\u011brov\u00e1ni na str\u00e1nku na\u0161eho zpracovatele plateb (PayPro Global). Va\u0161e licence spolu s fakturou bude doru\u010dena na zadanou e-mailovou adresu. Licen\u010dn\u00ed kl\u00ed\u010d KeyTurion v\u00e1m umo\u017en\u00ed pou\u017e\u00edvat v\u0161echny [...]<\/p>","protected":false},"author":2,"featured_media":0,"parent":0,"menu_order":0,"comment_status":"closed","ping_status":"closed","template":"page-koszyk-2024.php","meta":{"footnotes":""},"class_list":["post-1240","page","type-page","status-publish","hentry"],"acf":[],"_links":{"self":[{"href":"https:\/\/www.keyturion.com\/cs\/wp-json\/wp\/v2\/pages\/1240","targetHints":{"allow":["GET"]}}],"collection":[{"href":"https:\/\/www.keyturion.com\/cs\/wp-json\/wp\/v2\/pages"}],"about":[{"href":"https:\/\/www.keyturion.com\/cs\/wp-json\/wp\/v2\/types\/page"}],"author":[{"embeddable":true,"href":"https:\/\/www.keyturion.com\/cs\/wp-json\/wp\/v2\/users\/2"}],"replies":[{"embeddable":true,"href":"https:\/\/www.keyturion.com\/cs\/wp-json\/wp\/v2\/comments?post=1240"}],"version-history":[{"count":5,"href":"https:\/\/www.keyturion.com\/cs\/wp-json\/wp\/v2\/pages\/1240\/revisions"}],"predecessor-version":[{"id":1256,"href":"https:\/\/www.keyturion.com\/cs\/wp-json\/wp\/v2\/pages\/1240\/revisions\/1256"}],"wp:attachment":[{"href":"https:\/\/www.keyturion.com\/cs\/wp-json\/wp\/v2\/media?parent=1240"}],"curies":[{"name":"wp","href":"https:\/\/api.w.org\/{rel}","templated":true}]}}