{"id":1172,"date":"2024-04-12T12:31:54","date_gmt":"2024-04-12T10:31:54","guid":{"rendered":"https:\/\/keyturion.com\/?page_id=1172"},"modified":"2025-09-29T14:51:40","modified_gmt":"2025-09-29T12:51:40","slug":"download-free-keylogger","status":"publish","type":"page","link":"https:\/\/www.keyturion.com\/cs\/stahnout-zdarma-keylogger\/","title":{"rendered":"St\u00e1hn\u011bte si zdarma keylogger"},"content":{"rendered":"<p style=\"text-align: center;\"><strong>Keyturion Free Keylogger<\/strong> je bezplatn\u00e1 verze komer\u010dn\u00ed verze s drobn\u00fdmi omezen\u00edmi:<br \/>\nOproti komer\u010dn\u00ed verzi postr\u00e1d\u00e1 mo\u017enost \u00fapln\u00e9ho skryt\u00ed a odesl\u00e1n\u00ed na e-mail, v\u0161echny ostatn\u00ed funkce jsou stejn\u00e9 jako v placen\u00e9 verzi!<br \/>\nSoftware je 100% bezpe\u010dn\u00fd a neodes\u00edl\u00e1 n\u00e1m \u017e\u00e1dn\u00e1 data! \u017d\u00e1dn\u00fd adware ani statistiky sledov\u00e1n\u00ed. 100% \u010dist\u00fd.<br \/>\n<s><strong>N\u00ed\u017ee zadejte svou e-mailovou adresu, na kterou obdr\u017e\u00edte bezplatnou licenci a odkaz ke sta\u017een\u00ed softwaru.<\/strong><\/s><\/p>\n<h3 style=\"text-align: center; background-color: #f0ffea;\">Od 29. z\u00e1\u0159\u00ed 2025 ji\u017e nebudeme nab\u00edzet bezplatnou verzi. Chceme se zam\u011b\u0159it na na\u0161e v\u011brn\u00e9 z\u00e1kazn\u00edky, kte\u0159\u00ed n\u00e1m d\u016fv\u011b\u0159uj\u00ed. Soust\u0159edit se na placen\u00e9 p\u0159edplatn\u00e9, kter\u00e9 vy\u017eaduje v\u011bt\u0161\u00ed nasazen\u00ed p\u0159i v\u00fdvoji a podpo\u0159e, je nyn\u00ed na\u0161\u00ed prioritou.<br \/>\nDoporu\u010dujeme v\u00e1m vyzkou\u0161et bezplatnou zku\u0161ebn\u00ed verzi na\u0161eho hlavn\u00edho produktu. <a href=\"https:\/\/www.keyturion.com\/cs\/demo-2\/\" target=\"_blank\" rel=\"noopener\">Keyturion PRO.<\/a><\/h3>\n<p>&nbsp;<\/p>\n<p style=\"text-align: center;\">Va\u0161e e-mailov\u00e1 adresa bude pou\u017eita pouze jednou pro vygenerov\u00e1n\u00ed va\u0161\u00ed individu\u00e1ln\u00ed licence, va\u0161i adresu nepou\u017eijeme k \u017e\u00e1dn\u00e9mu jin\u00e9mu \u00fa\u010delu, nebudeme v\u00e1m ani pos\u00edlat \u017e\u00e1dn\u00e9 nab\u00eddky, nem\u00e1me r\u00e1di spam, stejn\u011b jako vy.<\/p>\n<p style=\"text-align: center;\">\n<style>\n    .faq-section h2 {<br \/>        color: #333;<br \/>        font-size: 24px;<br \/>        margin-bottom: 20px;<br \/>    }<\/p>\n<p>    .faq-section h3 {<br \/>        color: #0073aa;<br \/>        font-size: 18px;<br \/>        cursor: pointer;<br \/>        margin-top: 10px;<br \/>    }<\/p>\n<p>    .faq-section p {<br \/>        font-size: 14px;<br \/>        color: #666;<br \/>        margin-top: 5px;<br \/>    }<br \/><\/style>\n<\/p>\n<div class=\"faq-section\">\n<h2 style=\"text-align: center;\">Free Keylogger FAQ - \u010casto kladen\u00e9 ot\u00e1zky<\/h2>\n<h3 style=\"text-align: center;\">1. Je program skute\u010dn\u011b zdarma?<\/h3>\n<p style=\"text-align: center;\">Ano, jedn\u00e1 se o zcela svobodn\u00fd software. Na zadanou e-mailovou adresu v\u00e1m zdarma za\u0161leme licenci na jeden rok. Po uplynut\u00ed t\u00e9to doby sta\u010d\u00ed znovu po\u017e\u00e1dat o licenci (na t\u00e9to str\u00e1nce) a obdr\u017e\u00edte ji na stejnou nebo jinou e-mailovou adresu.<\/p>\n<h3 style=\"text-align: center;\">2. Mohu jej nainstalovat ve sv\u00e9 firm\u011b?<\/h3>\n<p style=\"text-align: center;\">Ano, bezplatn\u00e1 verze nem\u00e1 \u017e\u00e1dn\u00e1 omezen\u00ed. Mohou ji zdarma pou\u017e\u00edvat jak jednotliv\u00ed u\u017eivatel\u00e9, tak firmy, a to na neomezen\u00e9m po\u010dtu po\u010d\u00edta\u010d\u016f.<\/p>\n<h3 style=\"text-align: center;\">3. Obsahuje program n\u011bjak\u00e9 skryt\u00e9 funkce?<\/h3>\n<p style=\"text-align: center;\">Ne, n\u00e1\u0161 model Freemium je zcela transparentn\u00ed a bezpe\u010dn\u00fd. Program n\u00e1m neodes\u00edl\u00e1 \u017e\u00e1dn\u00e1 statistick\u00e1 ani jin\u00e1 data, v\u0161e, co zaznamen\u00e1, z\u016fst\u00e1v\u00e1 ve va\u0161em po\u010d\u00edta\u010di. Je v\u0161ak d\u016fle\u017eit\u00e9 m\u00edt na pam\u011bti, \u017ee monitorovac\u00ed programy, jako jsou keyloggery, jsou \u010dasto c\u00edlem antivirov\u00fdch program\u016f, tak\u017ee fale\u0161n\u00e1 detekce programu jako hrozby je bohu\u017eel mo\u017en\u00e1. Pokud se s takov\u00fdm probl\u00e9mem setk\u00e1te, vyu\u017eijte ve sv\u00e9m AV programu funkci v\u00fdjimek\/vylou\u010den\u00ed.<\/p>\n<\/div>\n<h3><\/h3>\n<h2 style=\"text-align: center;\">Podporovan\u00e9 opera\u010dn\u00ed syst\u00e9my:<\/h2>\n<p style=\"text-align: center;\">Windows 11, Windows 10,<br \/>\nWindows 8.1, Windows 7, Windows Vista<\/p>","protected":false},"excerpt":{"rendered":"<p>Keyturion Free Keylogger je bezplatn\u00e1 verze komer\u010dn\u00ed verze s drobn\u00fdmi omezen\u00edmi: Oproti komer\u010dn\u00ed verzi postr\u00e1d\u00e1 mo\u017enost \u00fapln\u00e9ho skryt\u00ed a odesl\u00e1n\u00ed na e-mail, v\u0161echny ostatn\u00ed funkce jsou stejn\u00e9 jako v placen\u00e9 verzi! Software je 100% bezpe\u010dn\u00fd a neodes\u00edl\u00e1 n\u00e1m \u017e\u00e1dn\u00e1 data! \u017d\u00e1dn\u00fd adware [...]<\/p>","protected":false},"author":2,"featured_media":0,"parent":0,"menu_order":0,"comment_status":"closed","ping_status":"closed","template":"","meta":{"footnotes":""},"class_list":["post-1172","page","type-page","status-publish","hentry"],"acf":[],"_links":{"self":[{"href":"https:\/\/www.keyturion.com\/cs\/wp-json\/wp\/v2\/pages\/1172","targetHints":{"allow":["GET"]}}],"collection":[{"href":"https:\/\/www.keyturion.com\/cs\/wp-json\/wp\/v2\/pages"}],"about":[{"href":"https:\/\/www.keyturion.com\/cs\/wp-json\/wp\/v2\/types\/page"}],"author":[{"embeddable":true,"href":"https:\/\/www.keyturion.com\/cs\/wp-json\/wp\/v2\/users\/2"}],"replies":[{"embeddable":true,"href":"https:\/\/www.keyturion.com\/cs\/wp-json\/wp\/v2\/comments?post=1172"}],"version-history":[{"count":33,"href":"https:\/\/www.keyturion.com\/cs\/wp-json\/wp\/v2\/pages\/1172\/revisions"}],"predecessor-version":[{"id":1438,"href":"https:\/\/www.keyturion.com\/cs\/wp-json\/wp\/v2\/pages\/1172\/revisions\/1438"}],"wp:attachment":[{"href":"https:\/\/www.keyturion.com\/cs\/wp-json\/wp\/v2\/media?parent=1172"}],"curies":[{"name":"wp","href":"https:\/\/api.w.org\/{rel}","templated":true}]}}